{"id":898,"date":"2021-11-29T12:31:28","date_gmt":"2021-11-29T12:31:28","guid":{"rendered":"https:\/\/ukkodemakka.de\/?page_id=898"},"modified":"2021-11-29T15:13:32","modified_gmt":"2021-11-29T15:13:32","slug":"die-sichtbar-filiale","status":"publish","type":"page","link":"https:\/\/ukkodemakka.de\/?page_id=898","title":{"rendered":"Die SichtBar Filiale"},"content":{"rendered":"\n<p>Dauerausstellung in Mainz<\/p>\n\n\n\n<p><strong>Die&nbsp;SichtBar<\/strong>&nbsp;<strong>Filiale<\/strong>&nbsp;ist eine dekoloniale Intervention in die universit\u00e4ren Wissensbest\u00e4nde: sie versammelt einen wachsenden Bestand von Sachb\u00fcchern, Kunstkatalogen und Literatur von Black, Indigenous und People of Colour, die nicht in den Bibliotheksbest\u00e4nden der Kunsthochschule Mainz&nbsp;und der Johannes Gutenberg Universit\u00e4t zu finden sind. Studierende und Lehrende der Kunsthochschule sind eingeladen, im B\u00fcro der Kunstdidaktik vorbeizukommen und in den Publikationen der&nbsp;<a href=\"https:\/\/z-p42.www.instagram.com\/sichtbar2018\/?hl=de\">SichtBar<\/a>&nbsp;Filiale zu lesen. Bitte achten Sie auf aktuellen Coronabestimmungen f\u00fcr die Terminvereinbarung<\/p>\n\n\n\n<p><\/p>\n\n\n\n<p>Weitere Infos unter <a href=\"https:\/\/kunsthochschule-mainz.de\/kunsthochschule\/lehre\/kunstdidaktik\/forschung-und-projekte\/die-sichtbar-filiale\/\" data-type=\"URL\" data-id=\"https:\/\/kunsthochschule-mainz.de\/kunsthochschule\/lehre\/kunstdidaktik\/forschung-und-projekte\/die-sichtbar-filiale\/\">DIE SICHTBAR FILIALE <\/a><\/p>\n","protected":false},"excerpt":{"rendered":"<p>Dauerausstellung in Mainz Die&nbsp;SichtBar&nbsp;Filiale&nbsp;ist eine dekoloniale Intervention in die universit\u00e4ren Wissensbest\u00e4nde: sie versammelt einen wachsenden Bestand von Sachb\u00fcchern, Kunstkatalogen und Literatur von Black, Indigenous und People of Colour, die nicht in den Bibliotheksbest\u00e4nden der Kunsthochschule Mainz&nbsp;und der Johannes Gutenberg Universit\u00e4t zu finden sind. Studierende und Lehrende der Kunsthochschule sind eingeladen, im B\u00fcro der Kunstdidaktik vorbeizukommen &hellip; <\/p>\n<p class=\"link-more\"><a href=\"https:\/\/ukkodemakka.de\/?page_id=898\" class=\"more-link\"><span class=\"screen-reader-text\">\u201eDie SichtBar Filiale\u201c <\/span>weiterlesen<\/a><\/p>\n","protected":false},"author":1,"featured_media":0,"parent":0,"menu_order":0,"comment_status":"closed","ping_status":"closed","template":"","meta":{"footnotes":""},"class_list":["post-898","page","type-page","status-publish","hentry"],"_links":{"self":[{"href":"https:\/\/ukkodemakka.de\/index.php?rest_route=\/wp\/v2\/pages\/898","targetHints":{"allow":["GET"]}}],"collection":[{"href":"https:\/\/ukkodemakka.de\/index.php?rest_route=\/wp\/v2\/pages"}],"about":[{"href":"https:\/\/ukkodemakka.de\/index.php?rest_route=\/wp\/v2\/types\/page"}],"author":[{"embeddable":true,"href":"https:\/\/ukkodemakka.de\/index.php?rest_route=\/wp\/v2\/users\/1"}],"replies":[{"embeddable":true,"href":"https:\/\/ukkodemakka.de\/index.php?rest_route=%2Fwp%2Fv2%2Fcomments&post=898"}],"version-history":[{"count":3,"href":"https:\/\/ukkodemakka.de\/index.php?rest_route=\/wp\/v2\/pages\/898\/revisions"}],"predecessor-version":[{"id":945,"href":"https:\/\/ukkodemakka.de\/index.php?rest_route=\/wp\/v2\/pages\/898\/revisions\/945"}],"wp:attachment":[{"href":"https:\/\/ukkodemakka.de\/index.php?rest_route=%2Fwp%2Fv2%2Fmedia&parent=898"}],"curies":[{"name":"wp","href":"https:\/\/api.w.org\/{rel}","templated":true}]}}