{"id":749,"date":"2021-01-05T18:57:49","date_gmt":"2021-01-05T18:57:49","guid":{"rendered":"https:\/\/ukkodemakka.de\/?page_id=749"},"modified":"2021-01-05T19:00:22","modified_gmt":"2021-01-05T19:00:22","slug":"tank","status":"publish","type":"page","link":"https:\/\/ukkodemakka.de\/?page_id=749","title":{"rendered":"Tank"},"content":{"rendered":"\n<p><a href=\"https:\/\/kunsthochschule-mainz.de\/2018\/09\/how-to-touch-an-airport-gently\/\">HOW TO TOUCH AN AIRPORT GENTLY <\/a><\/p>\n\n\n\n<figure class=\"wp-block-image size-large\"><img loading=\"lazy\" decoding=\"async\" width=\"1024\" height=\"768\" src=\"https:\/\/ukkodemakka.de\/wp-content\/uploads\/2021\/01\/IMG-20181021-WA0053-1024x768.jpg\" alt=\"\" class=\"wp-image-750\" srcset=\"https:\/\/ukkodemakka.de\/wp-content\/uploads\/2021\/01\/IMG-20181021-WA0053-1024x768.jpg 1024w, https:\/\/ukkodemakka.de\/wp-content\/uploads\/2021\/01\/IMG-20181021-WA0053-300x225.jpg 300w, https:\/\/ukkodemakka.de\/wp-content\/uploads\/2021\/01\/IMG-20181021-WA0053-768x576.jpg 768w, https:\/\/ukkodemakka.de\/wp-content\/uploads\/2021\/01\/IMG-20181021-WA0053-1536x1152.jpg 1536w, https:\/\/ukkodemakka.de\/wp-content\/uploads\/2021\/01\/IMG-20181021-WA0053-400x300.jpg 400w, https:\/\/ukkodemakka.de\/wp-content\/uploads\/2021\/01\/IMG-20181021-WA0053-800x600.jpg 800w, https:\/\/ukkodemakka.de\/wp-content\/uploads\/2021\/01\/IMG-20181021-WA0053.jpg 1600w\" sizes=\"auto, (max-width: 706px) 89vw, (max-width: 767px) 82vw, 740px\" \/><figcaption>Tank Performances I 2018 I 3 Stunden I Frankfurt am Main<\/figcaption><\/figure>\n\n\n\n<figure class=\"wp-block-image size-large\"><img loading=\"lazy\" decoding=\"async\" width=\"768\" height=\"1024\" src=\"https:\/\/ukkodemakka.de\/wp-content\/uploads\/2021\/01\/IMG-20181021-WA0025-768x1024.jpg\" alt=\"\" class=\"wp-image-754\" srcset=\"https:\/\/ukkodemakka.de\/wp-content\/uploads\/2021\/01\/IMG-20181021-WA0025-768x1024.jpg 768w, https:\/\/ukkodemakka.de\/wp-content\/uploads\/2021\/01\/IMG-20181021-WA0025-225x300.jpg 225w, https:\/\/ukkodemakka.de\/wp-content\/uploads\/2021\/01\/IMG-20181021-WA0025-1152x1536.jpg 1152w, https:\/\/ukkodemakka.de\/wp-content\/uploads\/2021\/01\/IMG-20181021-WA0025-400x533.jpg 400w, https:\/\/ukkodemakka.de\/wp-content\/uploads\/2021\/01\/IMG-20181021-WA0025-800x1067.jpg 800w, https:\/\/ukkodemakka.de\/wp-content\/uploads\/2021\/01\/IMG-20181021-WA0025.jpg 1200w\" sizes=\"auto, (max-width: 706px) 89vw, (max-width: 767px) 82vw, 740px\" \/><\/figure>\n\n\n\n<figure class=\"wp-block-image size-large\"><img loading=\"lazy\" decoding=\"async\" width=\"821\" height=\"1024\" src=\"https:\/\/ukkodemakka.de\/wp-content\/uploads\/2021\/01\/WA0037-821x1024.jpg\" alt=\"\" class=\"wp-image-755\" srcset=\"https:\/\/ukkodemakka.de\/wp-content\/uploads\/2021\/01\/WA0037-821x1024.jpg 821w, https:\/\/ukkodemakka.de\/wp-content\/uploads\/2021\/01\/WA0037-241x300.jpg 241w, https:\/\/ukkodemakka.de\/wp-content\/uploads\/2021\/01\/WA0037-768x958.jpg 768w, https:\/\/ukkodemakka.de\/wp-content\/uploads\/2021\/01\/WA0037-400x499.jpg 400w, https:\/\/ukkodemakka.de\/wp-content\/uploads\/2021\/01\/WA0037-800x998.jpg 800w, https:\/\/ukkodemakka.de\/wp-content\/uploads\/2021\/01\/WA0037.jpg 962w\" sizes=\"auto, (max-width: 706px) 89vw, (max-width: 767px) 82vw, 740px\" \/><\/figure>\n\n\n\n<p><strong>\u201eDer Transitraum des Frankfurter Flughafens steht f\u00fcr einen Nicht-Ort. Und doch, das ist die andere Seite dieser Transitr\u00e4ume, ist er das Mittel, um Horizonte, andere R\u00e4ume zu erschlie\u00dfen.\u201c (Ina-Maria Greverus)<\/strong><\/p>\n\n\n\n<p>F\u00fcr gew\u00f6hnlich ist die Reise zum Flughafen nur eine Zwischenstation, um zu einem anderen Ort zu gelangen. Der Flughafen selbst scheint selten das endg\u00fcltige Ziel. Ein halbes Jahr lang hat sich die Klasse Grcic den Frankfurter Flughafen zu ihrem Ziel erkl\u00e4rt, ihn regelm\u00e4\u00dfig aufgesucht und Feldforschung an ihm betrieben. Diese Vielzahl an Begegnungen mit dem Ort m\u00fcnden vom&nbsp;<strong>01.09. \u2013 01.12.2018<\/strong>&nbsp;in die Ausstellungsreihe how to touch an airport gently. Der Titel suggeriert zun\u00e4chst eine m\u00f6gliche Anleitung wie man sich als K\u00fcnstler*in an einem (Un-)Ort wie dem Flughafen verhalten kann und stellt zugleich eine allgemeine Handlungsanweisung dar, wie sich fremde R\u00e4ume \u00fcberhaupt aneignen lassen.&nbsp;<strong>How to touch an airport gently<\/strong>&nbsp;ist eine Serie an sanften, ephemeren Begegnungen und Ber\u00fchrungen mit dem Flughafen und seinen Besucher*innen, die in Form von Screenings, Performances und Ausstellungen in Gang gesetzt werden. In jedem einzelnen Kapitel arbeiten die K\u00fcnstler*innen mit unterschiedlichen Formen der \u00d6ffentlichkeit und Zug\u00e4nglichkeit, um dadurch die Strukturen des Ortes selbst zu spiegeln. F\u00fcr die Ausstellungsreihe werden diese Limitierungen benutzt, um das Potential eines daraus resultierenden Ausstellungsformats aufzuzeigen.&nbsp;<strong>How to touch an airport gently<\/strong>&nbsp;verh\u00e4lt sich somit antithetisch zur herk\u00f6mmlichen Ausstellungspraxis, die eine parallele Pr\u00e4sentation von Objekten im Schutzmantel des White Cube vorsieht. Stattdessen unterstreicht die Serie den Transitcharakter des Flughafens durch die Fl\u00fcchtigkeit der k\u00fcnstlerischen Arbeiten, um dadurch neue R\u00e4ume und Rezeptionsweisen zu er\u00f6ffnen.<\/p>\n\n\n\n<figure class=\"wp-block-image size-large\"><img loading=\"lazy\" decoding=\"async\" width=\"1024\" height=\"768\" src=\"https:\/\/ukkodemakka.de\/wp-content\/uploads\/2021\/01\/IMG-20181021-WA0046-1024x768.jpg\" alt=\"\" class=\"wp-image-752\" srcset=\"https:\/\/ukkodemakka.de\/wp-content\/uploads\/2021\/01\/IMG-20181021-WA0046-1024x768.jpg 1024w, https:\/\/ukkodemakka.de\/wp-content\/uploads\/2021\/01\/IMG-20181021-WA0046-300x225.jpg 300w, https:\/\/ukkodemakka.de\/wp-content\/uploads\/2021\/01\/IMG-20181021-WA0046-768x576.jpg 768w, https:\/\/ukkodemakka.de\/wp-content\/uploads\/2021\/01\/IMG-20181021-WA0046-1536x1152.jpg 1536w, https:\/\/ukkodemakka.de\/wp-content\/uploads\/2021\/01\/IMG-20181021-WA0046-400x300.jpg 400w, https:\/\/ukkodemakka.de\/wp-content\/uploads\/2021\/01\/IMG-20181021-WA0046-800x600.jpg 800w, https:\/\/ukkodemakka.de\/wp-content\/uploads\/2021\/01\/IMG-20181021-WA0046.jpg 1600w\" sizes=\"auto, (max-width: 706px) 89vw, (max-width: 767px) 82vw, 740px\" \/><\/figure>\n\n\n\n<figure class=\"wp-block-image size-large\"><img loading=\"lazy\" decoding=\"async\" width=\"768\" height=\"1024\" src=\"https:\/\/ukkodemakka.de\/wp-content\/uploads\/2021\/01\/IMG-20181021-WA0055-768x1024.jpg\" alt=\"\" class=\"wp-image-753\" srcset=\"https:\/\/ukkodemakka.de\/wp-content\/uploads\/2021\/01\/IMG-20181021-WA0055-768x1024.jpg 768w, https:\/\/ukkodemakka.de\/wp-content\/uploads\/2021\/01\/IMG-20181021-WA0055-225x300.jpg 225w, https:\/\/ukkodemakka.de\/wp-content\/uploads\/2021\/01\/IMG-20181021-WA0055-1152x1536.jpg 1152w, https:\/\/ukkodemakka.de\/wp-content\/uploads\/2021\/01\/IMG-20181021-WA0055-400x533.jpg 400w, https:\/\/ukkodemakka.de\/wp-content\/uploads\/2021\/01\/IMG-20181021-WA0055-800x1067.jpg 800w, https:\/\/ukkodemakka.de\/wp-content\/uploads\/2021\/01\/IMG-20181021-WA0055.jpg 1200w\" sizes=\"auto, (max-width: 706px) 89vw, (max-width: 767px) 82vw, 740px\" \/><\/figure>\n\n\n\n<figure class=\"wp-block-image size-large\"><img loading=\"lazy\" decoding=\"async\" width=\"608\" height=\"1024\" src=\"https:\/\/ukkodemakka.de\/wp-content\/uploads\/2021\/01\/WA0033-608x1024.jpg\" alt=\"\" class=\"wp-image-756\" srcset=\"https:\/\/ukkodemakka.de\/wp-content\/uploads\/2021\/01\/WA0033-608x1024.jpg 608w, https:\/\/ukkodemakka.de\/wp-content\/uploads\/2021\/01\/WA0033-178x300.jpg 178w, https:\/\/ukkodemakka.de\/wp-content\/uploads\/2021\/01\/WA0033-768x1294.jpg 768w, https:\/\/ukkodemakka.de\/wp-content\/uploads\/2021\/01\/WA0033-400x674.jpg 400w, https:\/\/ukkodemakka.de\/wp-content\/uploads\/2021\/01\/WA0033-800x1348.jpg 800w, https:\/\/ukkodemakka.de\/wp-content\/uploads\/2021\/01\/WA0033.jpg 837w\" sizes=\"auto, (max-width: 608px) 100vw, 608px\" \/><\/figure>\n\n\n\n<p><strong>Kuration<br><\/strong>Carina Bukuts                                                                                              <strong>Dauer<\/strong>                                                                                                                 01.09. \u2013 01.12.2018                                                                                     <strong>Ort<\/strong><br>Frankfurt Flughafen<\/p>\n\n\n\n<figure class=\"wp-block-image size-large\"><img loading=\"lazy\" decoding=\"async\" width=\"640\" height=\"360\" src=\"https:\/\/ukkodemakka.de\/wp-content\/uploads\/2021\/01\/01_HTTAAG_Facebook_Final.jpeg\" alt=\"\" class=\"wp-image-759\" srcset=\"https:\/\/ukkodemakka.de\/wp-content\/uploads\/2021\/01\/01_HTTAAG_Facebook_Final.jpeg 640w, https:\/\/ukkodemakka.de\/wp-content\/uploads\/2021\/01\/01_HTTAAG_Facebook_Final-300x169.jpeg 300w, https:\/\/ukkodemakka.de\/wp-content\/uploads\/2021\/01\/01_HTTAAG_Facebook_Final-400x225.jpeg 400w\" sizes=\"auto, (max-width: 640px) 100vw, 640px\" \/><figcaption>Flyer<\/figcaption><\/figure>\n\n\n\n<figure class=\"wp-block-image size-large\"><img loading=\"lazy\" decoding=\"async\" width=\"640\" height=\"360\" src=\"https:\/\/ukkodemakka.de\/wp-content\/uploads\/2021\/01\/Allgemein-HTTAG_Facebook_Final.jpeg\" alt=\"\" class=\"wp-image-760\" srcset=\"https:\/\/ukkodemakka.de\/wp-content\/uploads\/2021\/01\/Allgemein-HTTAG_Facebook_Final.jpeg 640w, https:\/\/ukkodemakka.de\/wp-content\/uploads\/2021\/01\/Allgemein-HTTAG_Facebook_Final-300x169.jpeg 300w, https:\/\/ukkodemakka.de\/wp-content\/uploads\/2021\/01\/Allgemein-HTTAG_Facebook_Final-400x225.jpeg 400w\" sizes=\"auto, (max-width: 640px) 100vw, 640px\" \/><figcaption>Flyer<\/figcaption><\/figure>\n","protected":false},"excerpt":{"rendered":"<p>HOW TO TOUCH AN AIRPORT GENTLY \u201eDer Transitraum des Frankfurter Flughafens steht f\u00fcr einen Nicht-Ort. Und doch, das ist die andere Seite dieser Transitr\u00e4ume, ist er das Mittel, um Horizonte, andere R\u00e4ume zu erschlie\u00dfen.\u201c (Ina-Maria Greverus) F\u00fcr gew\u00f6hnlich ist die Reise zum Flughafen nur eine Zwischenstation, um zu einem anderen Ort zu gelangen. Der Flughafen &hellip; <\/p>\n<p class=\"link-more\"><a href=\"https:\/\/ukkodemakka.de\/?page_id=749\" class=\"more-link\"><span class=\"screen-reader-text\">\u201eTank\u201c <\/span>weiterlesen<\/a><\/p>\n","protected":false},"author":1,"featured_media":0,"parent":0,"menu_order":0,"comment_status":"closed","ping_status":"closed","template":"","meta":{"footnotes":""},"class_list":["post-749","page","type-page","status-publish","hentry"],"_links":{"self":[{"href":"https:\/\/ukkodemakka.de\/index.php?rest_route=\/wp\/v2\/pages\/749","targetHints":{"allow":["GET"]}}],"collection":[{"href":"https:\/\/ukkodemakka.de\/index.php?rest_route=\/wp\/v2\/pages"}],"about":[{"href":"https:\/\/ukkodemakka.de\/index.php?rest_route=\/wp\/v2\/types\/page"}],"author":[{"embeddable":true,"href":"https:\/\/ukkodemakka.de\/index.php?rest_route=\/wp\/v2\/users\/1"}],"replies":[{"embeddable":true,"href":"https:\/\/ukkodemakka.de\/index.php?rest_route=%2Fwp%2Fv2%2Fcomments&post=749"}],"version-history":[{"count":2,"href":"https:\/\/ukkodemakka.de\/index.php?rest_route=\/wp\/v2\/pages\/749\/revisions"}],"predecessor-version":[{"id":761,"href":"https:\/\/ukkodemakka.de\/index.php?rest_route=\/wp\/v2\/pages\/749\/revisions\/761"}],"wp:attachment":[{"href":"https:\/\/ukkodemakka.de\/index.php?rest_route=%2Fwp%2Fv2%2Fmedia&parent=749"}],"curies":[{"name":"wp","href":"https:\/\/api.w.org\/{rel}","templated":true}]}}