{"id":627,"date":"2024-06-13T10:33:21","date_gmt":"2024-06-13T10:33:21","guid":{"rendered":"https:\/\/ukkodemakka.de\/?page_id=627"},"modified":"2024-10-09T21:41:14","modified_gmt":"2024-10-09T21:41:14","slug":"627-2","status":"publish","type":"page","link":"https:\/\/ukkodemakka.de\/","title":{"rendered":"Aktuelle Ausstellung"},"content":{"rendered":"\n<p>Die SichtBar2028 ist zu Gast bei der Kunstbuch Messe und dem Festival: MISS READ 2024 im HKW (Haus der Kulturen der Welt)<\/p>\n\n\n\n<figure class=\"wp-block-image size-full\"><img loading=\"lazy\" decoding=\"async\" width=\"500\" height=\"625\" src=\"https:\/\/ukkodemakka.de\/wp-content\/uploads\/2024\/10\/Miss-Read-2024-1080X1350-12.jpg\" alt=\"\" class=\"wp-image-1186\" srcset=\"https:\/\/ukkodemakka.de\/wp-content\/uploads\/2024\/10\/Miss-Read-2024-1080X1350-12.jpg 500w, https:\/\/ukkodemakka.de\/wp-content\/uploads\/2024\/10\/Miss-Read-2024-1080X1350-12-240x300.jpg 240w\" sizes=\"(max-width: 500px) 100vw, 500px\" \/><\/figure>\n\n\n\n<h1 class=\"wp-block-heading\">MISS READ: THE BERLIN ART BOOK FAIR &amp; FESTIVAL 2024<\/h1>\n\n\n\n<p><strong>FAIR OPENING HOURS:<br><\/strong><strong>Friday, October 11, 5\u20139pm<\/strong><br><strong>Saturday, October 12, 12\u20137pm<\/strong>&nbsp;<br><strong>Sunday, October 13, 12\u20137pm<\/strong><\/p>\n\n\n\n<p><strong>MISS READ: The Berlin Art Book Fair&nbsp;&amp; Festival&nbsp;2024<\/strong>&nbsp;takes place from October 11\u201313 at HKW (Haus der Kulturen der Welt), hosting&nbsp;<strong>over 340 exhibitors from more than 50 countries<\/strong>&nbsp;consolidating its position as one of the largest and most diverse global art book fairs with an unparalleled breadth of international representation. The full list of all exhibitors can be found&nbsp;<a href=\"https:\/\/missread.com\/exhibitors\/\">here<\/a>.<\/p>\n\n\n\n<p>MISS READ Programm<\/p>\n\n\n\n<p>Founded in 2009, MISS READ has become integral to the international art publishing landscape. It provides a forum for dialogue on artists\u2019 books and publishing as artistic and political practice. The festival\u2019s mission embraces global bibliodiversity, nurturing creative ecosystems and pushing publishing\u2019s frontiers.<\/p>\n\n\n\n<p>MISS READ\u2019s cornerstone philosophy of&nbsp;<strong>Decolonizing Art Book Fairs&nbsp;<\/strong>was part of several years of collective efforts and together with curator&nbsp;<strong>Anguezomo Nz\u00e9 Mba Bikoro<\/strong>&nbsp;and&nbsp;co-director&nbsp;<strong>Pascale Obolo<\/strong>&nbsp;now introduces a focus on&nbsp;<strong>Afro-feminist and Queer Voices:&nbsp;<em>Where Our Freedom Begins: Afro-Feminist Mo(ve)ments in Germany<\/em><\/strong>,&nbsp;genealogies in lesser-known&nbsp;parts of German history, charting different mo(ve)ments through music, literature and film that connect with the lineage of Black cultural and queer activists of the last 70 years. The festival provides a space to examine Afro-feminist legacies through panel talks, music performances, film screenings and workshops. With contributions from&nbsp;<strong>Mame-Fatou Niang, Natasha A. Kelly, Ndeye Fatou Kane, The String Archestra, Marianne Ball\u00e9 Moudoumbou, Yezenia Le\u00f3n Mezu, Jennifer Kamau, Savanna Morgan, House of Living Colours, Maimouna Coulibaly, Stefanie-Lahya Aukongo, Chantal-Fleur Sandjon, Mmakhotso Lamola, Mihret Kebede, Aline Benecke, FrauHerr Meko, DJ Njeri<\/strong>&nbsp;and many others.<\/p>\n\n\n\n<p class=\"has-medium-font-size\">MISS READ once again awards\u00a0its\u00a0<strong>BIPOC Support Grants<\/strong>\u00a0to exceptional artists and small and upcoming independent publishers. We are honoured to recognize this year\u2019s outstanding recipients:\u00a0<strong>House of INVADE-<\/strong>\u00a0(Johannesburg),\u00a0<strong>24\u02da36\u02da<\/strong>\u00a0(London),\u00a0<strong>aka TAWLA<\/strong>\u00a0(Southwest Asia and North Africa region),\u00a0<strong>B&amp;D Press<\/strong>\u00a0(Montr\u00e9al), and\u00a0<strong>Reliable Copy<\/strong>\u00a0(Bangalore).<\/p>\n\n\n\n<p><strong>MISS READ 2024 Team<\/strong><br>Founder &amp; Director: Michalis Pichler \/ Co-Director: Pascale Obolo \/ Focus Co-Curator: Anguezomo Nz\u00e9 Mba Bikoro \/ Program Manager: Julia Gwendolyn Schneider \/ Production Manager: Derya T\u00fcrkmen \/ Design &amp; Social Media Manager: Maira Fragoso Pe\u00f1a \/ Production Coordinator: Federica Crescenzi \/ Radio Coordinators: Station of Commons, Gr\u00e9goire Rousseau, Eddie Choo Wen Yi, Mathilde Palenius \/ Intern: Mina Comunello \/ Public Relations &amp; Press: Safia Dickersbach<\/p>\n\n\n\n<p>Big Thanks to <strong>Miss Read Team<\/strong> and <strong>Anguezomo Nz\u00e9 Mba Bikoro<\/strong> for having my Projekt <strong>SichtBar2028<\/strong><\/p>\n\n\n\n<p>MISS READ and Conceptual Poetics Day 2024 are funded by Hauptstadtkulturfonds.&nbsp;Station of Commons and lumbung radio are supported by Kone foundation and Culture Moves Europe funded by the European Union.<\/p>\n\n\n\n<p><strong>Special Thanks<\/strong><br>Alina Baris, Yaiza Camps, Mina Comunello, Lale de Boer, Christos Diamantis, Nils Philipp Dommert, Chiara Figone, Juan Gomez, Moritz Gr\u00fcnke, Misaki Kawabe, Liz Koehnke, Georgios Kontopoulos, Lilofee Labes, Siddhartha Lokanandi, Eric Otieno Sumba, Bonaventure Soh Bejeng Ndikung, Essi Pellikka, Adrian Piper, Peter Schmidt, Nadine Siegert, Wanda Spangenberg, Sulti (\u2020) and Parfait Tabapsi<\/p>\n\n\n\n<p>The poster of MISS READ 2024 is created by Maira Fragoso Pe\u00f1a.\u00a0The poster of Conceptual Poetics Day is created by Adrian Piper.<\/p>\n\n\n\n<p>For more information Homepage<\/p>\n\n\n\n<p><\/p>\n\n\n\n<p class=\"has-medium-font-size\">Die SichtBar2018 ist ab Mitte Juni wieder in Dortmund zu sehen in der Zeche Z\u00f6llern in der Ausstellung: <\/p>\n\n\n\n<p class=\"has-large-font-size\"><strong><a href=\"https:\/\/zeche-zollern.lwl.org\/de\/ausstellungen\/das-ist-kolonial\/\" data-type=\"URL\" data-id=\"https:\/\/zeche-zollern.lwl.org\/de\/ausstellungen\/das-ist-kolonial\/\">Das ist kolonial.<\/a><\/strong><\/p>\n\n\n\n<p class=\"has-medium-font-size\">Westfalens (un)sichtbares Erbe<\/p>\n\n\n\n<p>14.06.2024 &#8211; 26.10.2025<\/p>\n\n\n\n<p><\/p>\n\n\n\n<p class=\"has-medium-font-size\">Nicht nur Hamburg oder Berlin, auch<strong> Westfalen<\/strong> hat viele Ber\u00fchrungspunkte mit dem <strong>Kolonialismus<\/strong>: Menschen aus der Region zogen als Missionare, Farmer oder Soldaten in die Kolonien. Unternehmer und Industrielle trieben die deutsche Kolonialpolitik voran, Kaufleute handelten mit Kaffee und Tee. B\u00fcrgerinnen und B\u00fcrger engagierten sich in Kolonial- und Missionsvereinen, gingen zu V\u00f6lkerschauen, spendeten f\u00fcr Denkm\u00e4ler oder benannten Stra\u00dfen nach kolonialen Akteuren. Auch Menschen aus Afrika lebten hier. Schwarzes Leben in Deutschland hat eine lange Geschichte. Hierzu liefert die SichtBar2018 einige Medien. <\/p>\n\n\n\n<p class=\"has-medium-font-size\"><strong>Die Folgen des Kolonialismus wirken bis heute nach und pr\u00e4gen unsere Gesellschaft. <\/strong><\/p>\n\n\n\n<p class=\"has-medium-font-size\">Die Ausstellung \u201eDas ist kolonial.\u201c baut auf Kooperationen und Ergebnissen einer partizipativen Werkstatt aus dem Jahr 2023 auf. Daraus entstandene Interviews, k\u00fcnstlerischen Arbeiten und Filme er\u00f6ffnen neue Perspektiven und machen deutlich, wie Geschichte und Gegenwart miteinander verkn\u00fcpft sind.<\/p>\n\n\n\n<p class=\"has-medium-font-size\">In der Ausstellungswerkstatt wurde unteranderem gefragt:<\/p>\n\n\n\n<p class=\"has-medium-font-size\"><strong>Was hat Kolonialismus mit mir zu tun?<\/strong><\/p>\n\n\n\n<p class=\"has-medium-font-size\">Die <a href=\"https:\/\/zeche-zollern.lwl.org\/de\/ausstellungen\/das-ist-kolonial\/\" data-type=\"URL\" data-id=\"https:\/\/zeche-zollern.lwl.org\/de\/ausstellungen\/das-ist-kolonial\/\">Ausstellung<\/a> im historischen Werkstattgeb\u00e4ude der ehemaligen Zeche besch\u00e4ftigt sich mit Aspekten aus <strong>vier Themenbereichen:<\/strong> wirtschaftliche Verflechtungen, Menschen aus Westfalen, die in den Kolonien agierten, Kolonialismus im Alltag sowie Widerstand, Kolonialkriege und Erinnerungskultur. <\/p>\n\n\n\n<p class=\"has-medium-font-size\">Ein Dreiklang aus historischen Bez\u00fcgen, k\u00fcnstlerischen Interventionen  und Interviews er\u00f6ffnet unterschiedliche Perspektiven.<\/p>\n\n\n\n<h2 class=\"wp-block-heading\">LWL-Museum Zeche Zollern<\/h2>\n\n\n\n<p>Grubenweg 5<br>44388 Dortmund<\/p>\n\n\n\n<p>Tel. 0231 6961-211<br>Fax 0231 6961-114<br>E-Mail:<a href=\"mailto: zeche-zollern@lwl.org\">&nbsp;zeche-zollern@lwl.org<\/a><\/p>\n\n\n\n<p><\/p>\n\n\n\n<p><strong>\u00d6ffentliche F\u00fchrungen<\/strong><\/p>\n\n\n\n<p>Jeden Samstag 12 Uhr<br>Gef\u00fchrter Rundgang durch die Ausstellung.<br>Dauer: 90 Minuten<br>Nur Museumseintritt<\/p>\n\n\n\n<p class=\"has-medium-font-size\">F\u00fcr das <strong>Begleitprogramm<\/strong> bitte hier<strong> <a href=\"https:\/\/zeche-zollern.lwl.org\/de\/ausstellungen\/das-ist-kolonial\/veranstaltungen-copy-2\/?id=1087147\" data-type=\"URL\" data-id=\"https:\/\/zeche-zollern.lwl.org\/de\/ausstellungen\/das-ist-kolonial\/veranstaltungen-copy-2\/?id=1087147\">klicken<\/a><\/strong><\/p>\n\n\n\n<p><br><\/p>\n\n\n\n<p class=\"has-medium-font-size\"><strong>Einen gro\u00dfen Dank an die Kuratorinnen<\/strong>     <\/p>\n\n\n\n<p class=\"has-small-font-size\">diese ich hier auf Grund der Drohungen der AFD letztes Jahr nicht namentlich nennen werde. <\/p>\n\n\n\n<p>Weitere Infos auf Instagram @dasistkolonial  <a href=\"https:\/\/www.instagram.com\/zechezollerndortmund\/\">@zechezollerndortmund<\/a> <\/p>\n\n\n\n<h2 class=\"wp-block-heading\">Ausstellungswerkstatt 2023<\/h2>\n\n\n\n<p>Im vergangenen Jahr lud die Ausstellungswerkstatt \u201eDas ist kolonial.\u201c Besucher:innen zur partizipativen Auseinandersetzung mit Westfalens Kolonialgeschichte ein. Angefangen bei der morgendlichen Tasse Kaffee \u00fcber Stra\u00dfennamen bis hin zu bestimmten Vorurteilen erkundeten sie in rund sieben Monaten Laufzeit die Spuren und Folgen des Kolonialismus im Alltag. Dabei wurden neue Methoden der Museumsarbeit erprobt. So konnten G\u00e4ste ihre Gedanken an vielen Stellen schriftlich hinterlassen oder im Aufnahmestudio vertonen. Auf diese Weise entstanden themenbezogene Dialoge, die eine ergebnisoffene Art des Umgangs mit (post)kolonialen Fragestellungen m\u00f6glich machten. Zus\u00e4tzlich er\u00f6ffneten verschiedene Formate an der Schnittstelle zwischen musealer F\u00fchrung, Workshop und Theater neue Perspektiven. Auch aktuelle Debatten wie die Problematik des Sammelns und Ausstellens von Objekten aus kolonialen Kontexten wurden aufgegriffen.<\/p>\n\n\n\n<figure class=\"wp-block-image is-resized\"><img decoding=\"async\" src=\"https:\/\/zeche-zollern.lwl.org\/media\/filer_public_thumbnails\/filer_public\/97\/94\/97944e45-1eb4-4b78-a3be-885000c0a798\/lwl_kulturstiftung_logo_sw.jpg__690x0_q90_crop_subsampling-2_upscale.jpg\" alt=\"Logo Kulturstiftung\" style=\"width:492px;height:203px\" title=\"Logo Kulturstiftung\"\/><\/figure>\n\n\n\n<figure class=\"wp-block-image is-resized\"><img decoding=\"async\" src=\"https:\/\/zeche-zollern.lwl.org\/media\/filer_public_thumbnails\/filer_public\/44\/56\/445606b5-ac20-4ec6-b7c5-3284a724f64d\/logo_schwarz_weiss_mkw_nrw_kultur_und_wissenschaft_cmyk_0.jpg__690x0_q90_crop_subsampling-2_upscale.jpg\" alt=\"Logo Ministerium f\u00fcr Kultur und Wissenschaft NRW\" style=\"width:495px;height:100px\" title=\"Logo Ministerium f\u00fcr Kultur und Wissenschaft NRW\"\/><\/figure>\n\n\n\n<figure class=\"wp-block-image is-resized\"><img decoding=\"async\" src=\"https:\/\/zeche-zollern.lwl.org\/media\/filer_public_thumbnails\/filer_public\/09\/6d\/096dc0d2-ba5c-4dd9-bd06-f4f6a4535c52\/lpb-nrw_logo_mit_wappen_1c_300dpi.jpg__690x0_q90_crop_subsampling-2_upscale.jpg\" alt=\"Logo Landeszentrale f\u00fcr politische Bildung NRW\" style=\"width:494px;height:185px\" title=\"Logo Landeszentrale f\u00fcr politische Bildung NRW\"\/><\/figure>\n\n\n\n<p><a href=\"https:\/\/zeche-zollern.lwl.org\/media\/filer_public_thumbnails\/filer_public\/c2\/6d\/c26d184d-7f56-4c02-9aaa-24707b5b912f\/lwl_kulturstiftung_logo_farbig.jpg__1500x0_q90_subsampling-2_upscale.jpg\"><\/a><\/p>\n","protected":false},"excerpt":{"rendered":"<p>Die SichtBar2028 ist zu Gast bei der Kunstbuch Messe und dem Festival: MISS READ 2024 im HKW (Haus der Kulturen der Welt) MISS READ: THE BERLIN ART BOOK FAIR &amp; FESTIVAL 2024 FAIR OPENING HOURS:Friday, October 11, 5\u20139pmSaturday, October 12, 12\u20137pm&nbsp;Sunday, October 13, 12\u20137pm MISS READ: The Berlin Art Book Fair&nbsp;&amp; Festival&nbsp;2024&nbsp;takes place from October &hellip; <\/p>\n<p class=\"link-more\"><a href=\"https:\/\/ukkodemakka.de\/\" class=\"more-link\"><span class=\"screen-reader-text\">\u201eAktuelle Ausstellung\u201c <\/span>weiterlesen<\/a><\/p>\n","protected":false},"author":1,"featured_media":0,"parent":0,"menu_order":0,"comment_status":"closed","ping_status":"closed","template":"","meta":{"footnotes":""},"class_list":["post-627","page","type-page","status-publish","hentry"],"_links":{"self":[{"href":"https:\/\/ukkodemakka.de\/index.php?rest_route=\/wp\/v2\/pages\/627"}],"collection":[{"href":"https:\/\/ukkodemakka.de\/index.php?rest_route=\/wp\/v2\/pages"}],"about":[{"href":"https:\/\/ukkodemakka.de\/index.php?rest_route=\/wp\/v2\/types\/page"}],"author":[{"embeddable":true,"href":"https:\/\/ukkodemakka.de\/index.php?rest_route=\/wp\/v2\/users\/1"}],"replies":[{"embeddable":true,"href":"https:\/\/ukkodemakka.de\/index.php?rest_route=%2Fwp%2Fv2%2Fcomments&post=627"}],"version-history":[{"count":25,"href":"https:\/\/ukkodemakka.de\/index.php?rest_route=\/wp\/v2\/pages\/627\/revisions"}],"predecessor-version":[{"id":1192,"href":"https:\/\/ukkodemakka.de\/index.php?rest_route=\/wp\/v2\/pages\/627\/revisions\/1192"}],"wp:attachment":[{"href":"https:\/\/ukkodemakka.de\/index.php?rest_route=%2Fwp%2Fv2%2Fmedia&parent=627"}],"curies":[{"name":"wp","href":"https:\/\/api.w.org\/{rel}","templated":true}]}}