{"id":45,"date":"2020-11-07T12:50:56","date_gmt":"2020-11-07T12:50:56","guid":{"rendered":"https:\/\/ukkodemakka.de\/?page_id=45"},"modified":"2022-08-03T17:18:43","modified_gmt":"2022-08-03T17:18:43","slug":"drawings","status":"publish","type":"page","link":"https:\/\/ukkodemakka.de\/?page_id=45","title":{"rendered":"Malereien"},"content":{"rendered":"\n<figure class=\"wp-block-image size-full\"><img loading=\"lazy\" decoding=\"async\" width=\"445\" height=\"633\" src=\"https:\/\/ukkodemakka.de\/wp-content\/uploads\/2022\/08\/July-2022-die-Enstehung-der-grechtigkeit.jpg\" alt=\"\" class=\"wp-image-1054\" srcset=\"https:\/\/ukkodemakka.de\/wp-content\/uploads\/2022\/08\/July-2022-die-Enstehung-der-grechtigkeit.jpg 445w, https:\/\/ukkodemakka.de\/wp-content\/uploads\/2022\/08\/July-2022-die-Enstehung-der-grechtigkeit-211x300.jpg 211w\" sizes=\"(max-width: 445px) 100vw, 445px\" \/><figcaption> Die Entstehung der Gerechtigkeit I 2022 I 50x70cm I Wasserfarben<\/figcaption><\/figure>\n\n\n\n<figure class=\"wp-block-image size-full\"><img loading=\"lazy\" decoding=\"async\" width=\"505\" height=\"732\" src=\"https:\/\/ukkodemakka.de\/wp-content\/uploads\/2022\/08\/July-2022-Eltern-1.jpg\" alt=\"\" class=\"wp-image-1047\" srcset=\"https:\/\/ukkodemakka.de\/wp-content\/uploads\/2022\/08\/July-2022-Eltern-1.jpg 505w, https:\/\/ukkodemakka.de\/wp-content\/uploads\/2022\/08\/July-2022-Eltern-1-207x300.jpg 207w\" sizes=\"(max-width: 505px) 100vw, 505px\" \/><figcaption>Eltern I 2022 I 50x70cm I Wasserfarben<\/figcaption><\/figure>\n\n\n\n<pre class=\"wp-block-preformatted\">Triggerwarnung Krieg, Gewalt\u00a0\r\n\r\nEltern\r\n\r\nWas trage ich auf meinen Schultern?\r\n\r\nWer h\u00f6rt zu, wenn ich erz\u00e4hle\u00a0\r\nDas ich nie deine Tr\u00e4nen sah.\r\nMacht es dich stark? Wir d\u00fcrfen schwach sein.\r\n\r\nUnd wenn du dann doch weinst.\r\nIst es dann in den Momenten,\r\nwo du daran denkst, dass es h\u00e4tte anders sein k\u00f6nnen\r\n\r\nDieses Meer an M\u00f6glichkeiten\r\nWo gehe ich hin\r\nBleibe ich dort\r\nOder bin ich wieder fort\r\n\r\nBist du ein Kind was so oft nicht geh\u00f6rt wurde\r\n\r\nWer hat dich gesehen?\r\n\r\nDu hast versucht zu geben\u00a0\r\nVersucht dich selbst zu verstehen\r\n\r\nWer gab dir die Flasche und die weiteren Drogen\r\nAh es waren deine Arbeitgeber*innen\r\n\r\nWer hat dich gewaltsam versucht zu nehmen\u00a0\r\nAh es waren die Arbeitgeber*innen\r\n\r\nWer hat dich gesch\u00fctzt?\r\n\r\nKeiner\r\n\r\nVater\u00a0\r\nDu kommst aus dem Krieg\r\n\r\nMutter\r\nUnd du wirst geboren nach dem Krieg\u00a0\r\n\r\nWas bedeutet es f\u00fcr euch?\r\nF\u00fcr uns ?\r\nDie Kinder\r\nDas innere in dir\r\n\r\nWas wollt ihr ?\r\nLiebe\r\n\r\nWas ist das?\r\nVertrauen?\r\nGeborgenheit?\r\nZuverzicht?\r\nHalt ?\r\nVerzeihen zu k\u00f6nnen?\r\nAnnahme ?\r\n\r\nHabt ihr all jenes gelebt\r\nWas oder wen habt ihr je geliebt?\r\n\r\nSeid ihr auf der Flucht vor euren Eltern\r\nJa\r\n\r\nEltern sind \u00e4ltere Kinder\u00a0\r\n\r\nDeren Eltern\u00a0\r\n\r\nWer erlebte den Krieg?\r\n\r\nWarum willst du vergessen?\r\n\r\nDas Schweigen frisst L\u00f6cher in den Teppich der Erinnerungen\r\n\r\nWas trage ich auf meinen Schultern?\r\n\r\nDie Angst steht dem Gro\u00dfvater im Auge\r\n\r\nRatten essen\r\nDen G\u00fcrtel auskochen\r\n\r\nLeben\r\n\u00dcberleben\r\nAm Leben\r\n\r\nEr weint\r\nSeine Stimme bricht weg\r\nSein Vater ist nie zur\u00fcck gekehrt\r\n\r\nGeraubt die Jahre\u00a0\r\n\r\nEin Welt ohne Verst\u00fcmmelung\r\n\r\nEin sein, einfach nur wie Klee\r\n\r\nWer wird dich fl\u00fccken\r\n\r\nAll der Schmerz\u00a0\r\nIch versuche zu atmen\r\nLos zulassen\r\n\r\nWas trage ich auf meinen Schultern?<\/pre>\n\n\n\n<figure class=\"wp-block-image size-full\"><img loading=\"lazy\" decoding=\"async\" width=\"556\" height=\"792\" src=\"https:\/\/ukkodemakka.de\/wp-content\/uploads\/2022\/08\/July-2022-Gedenken-1.jpg\" alt=\"\" class=\"wp-image-1037\" srcset=\"https:\/\/ukkodemakka.de\/wp-content\/uploads\/2022\/08\/July-2022-Gedenken-1.jpg 556w, https:\/\/ukkodemakka.de\/wp-content\/uploads\/2022\/08\/July-2022-Gedenken-1-211x300.jpg 211w\" sizes=\"(max-width: 556px) 100vw, 556px\" \/><figcaption>Gedenken I 2022 I 50x70cm I Wasserfarben<\/figcaption><\/figure>\n\n\n\n<pre class=\"wp-block-preformatted\">Gedenken\nder Opfer\nAndenken\nBemerken\nVerzeihen\nDerer\ndie nicht wussten\nAngriffe\nh\u00e4ufen sich\nWann kommt die Zeit zu heilen?\nVerarbeiten\nVerdauen\nNarben\nbleiben\nund \u00c4ngste\nGehst du wieder aus dem Haus ?\nTr\u00e4gst du den Tod noch in dir\nIn Form von Zellen die Sich ver\u00e4nderten\nIst es nicht f\u00fcr alle begrenzt\nZu verweilen\nUm wen trauerst du?\nSetz die Birke in die Erde\nUnd warte doch einfach auf Morgen<\/pre>\n\n\n\n<figure class=\"wp-block-image size-full\"><img loading=\"lazy\" decoding=\"async\" width=\"523\" height=\"759\" src=\"https:\/\/ukkodemakka.de\/wp-content\/uploads\/2022\/08\/July-2022-Unter-der-sonne-tanzen.jpg\" alt=\"\" class=\"wp-image-1040\" srcset=\"https:\/\/ukkodemakka.de\/wp-content\/uploads\/2022\/08\/July-2022-Unter-der-sonne-tanzen.jpg 523w, https:\/\/ukkodemakka.de\/wp-content\/uploads\/2022\/08\/July-2022-Unter-der-sonne-tanzen-207x300.jpg 207w\" sizes=\"(max-width: 523px) 100vw, 523px\" \/><figcaption>Unter der Sonne tanzen I 2022 I 50x70cm I Wasserfarben<\/figcaption><\/figure>\n\n\n\n<figure class=\"wp-block-image size-full\"><img loading=\"lazy\" decoding=\"async\" width=\"592\" height=\"861\" src=\"https:\/\/ukkodemakka.de\/wp-content\/uploads\/2022\/08\/July-2022-dont-tell-me-to-smile.jpg\" alt=\"\" class=\"wp-image-1028\" srcset=\"https:\/\/ukkodemakka.de\/wp-content\/uploads\/2022\/08\/July-2022-dont-tell-me-to-smile.jpg 592w, https:\/\/ukkodemakka.de\/wp-content\/uploads\/2022\/08\/July-2022-dont-tell-me-to-smile-206x300.jpg 206w\" sizes=\"(max-width: 592px) 100vw, 592px\" \/><figcaption>don&#8217;t tell me to smile I 2022 I 50x70cm I Wasserfarben<\/figcaption><\/figure>\n\n\n\n<figure class=\"wp-block-image size-full\"><img loading=\"lazy\" decoding=\"async\" width=\"529\" height=\"768\" src=\"https:\/\/ukkodemakka.de\/wp-content\/uploads\/2022\/08\/July-2022-its-okay-not-to-be-okay.jpg\" alt=\"\" class=\"wp-image-1031\" srcset=\"https:\/\/ukkodemakka.de\/wp-content\/uploads\/2022\/08\/July-2022-its-okay-not-to-be-okay.jpg 529w, https:\/\/ukkodemakka.de\/wp-content\/uploads\/2022\/08\/July-2022-its-okay-not-to-be-okay-207x300.jpg 207w\" sizes=\"(max-width: 529px) 100vw, 529px\" \/><figcaption>It&#8217;s okay not to be okay I 2022 I 50x70cm I Wasserfarben<\/figcaption><\/figure>\n\n\n\n<figure class=\"wp-block-image size-large\"><img loading=\"lazy\" decoding=\"async\" width=\"723\" height=\"1024\" src=\"https:\/\/ukkodemakka.de\/wp-content\/uploads\/2022\/08\/July-2022-3-723x1024.jpg\" alt=\"\" class=\"wp-image-1022\" srcset=\"https:\/\/ukkodemakka.de\/wp-content\/uploads\/2022\/08\/July-2022-3-723x1024.jpg 723w, https:\/\/ukkodemakka.de\/wp-content\/uploads\/2022\/08\/July-2022-3-212x300.jpg 212w, https:\/\/ukkodemakka.de\/wp-content\/uploads\/2022\/08\/July-2022-3-768x1087.jpg 768w, https:\/\/ukkodemakka.de\/wp-content\/uploads\/2022\/08\/July-2022-3.jpg 849w\" sizes=\"(max-width: 723px) 100vw, 723px\" \/><figcaption>Verlust I 2022 I 50x70cm I Wasserfarben<\/figcaption><\/figure>\n\n\n\n<figure class=\"wp-block-image size-full\"><img loading=\"lazy\" decoding=\"async\" width=\"451\" height=\"669\" src=\"https:\/\/ukkodemakka.de\/wp-content\/uploads\/2022\/08\/July-2022-Eine-Idee-von-Morgen-1.jpg\" alt=\"\" class=\"wp-image-1018\" srcset=\"https:\/\/ukkodemakka.de\/wp-content\/uploads\/2022\/08\/July-2022-Eine-Idee-von-Morgen-1.jpg 451w, https:\/\/ukkodemakka.de\/wp-content\/uploads\/2022\/08\/July-2022-Eine-Idee-von-Morgen-1-202x300.jpg 202w\" sizes=\"(max-width: 451px) 100vw, 451px\" \/><figcaption>Eine Idee von Morgen I 2022 I 50x70cm<\/figcaption><\/figure>\n\n\n\n<figure class=\"wp-block-image size-full\"><img loading=\"lazy\" decoding=\"async\" width=\"480\" height=\"480\" src=\"https:\/\/ukkodemakka.de\/wp-content\/uploads\/2022\/08\/Die-naehrende-Brust-die-erotische-Brust-und-die-politische-Brust-I-2020-I-35x35cm.jpg\" alt=\"\" class=\"wp-image-1016\" srcset=\"https:\/\/ukkodemakka.de\/wp-content\/uploads\/2022\/08\/Die-naehrende-Brust-die-erotische-Brust-und-die-politische-Brust-I-2020-I-35x35cm.jpg 480w, https:\/\/ukkodemakka.de\/wp-content\/uploads\/2022\/08\/Die-naehrende-Brust-die-erotische-Brust-und-die-politische-Brust-I-2020-I-35x35cm-300x300.jpg 300w, https:\/\/ukkodemakka.de\/wp-content\/uploads\/2022\/08\/Die-naehrende-Brust-die-erotische-Brust-und-die-politische-Brust-I-2020-I-35x35cm-150x150.jpg 150w, https:\/\/ukkodemakka.de\/wp-content\/uploads\/2022\/08\/Die-naehrende-Brust-die-erotische-Brust-und-die-politische-Brust-I-2020-I-35x35cm-100x100.jpg 100w\" sizes=\"(max-width: 480px) 100vw, 480px\" \/><figcaption>Die-naehrende-Brust-die-erotische-Brust-und-die-politische-Brust-I-2020-I-35x35cm<\/figcaption><\/figure>\n\n\n<div class=\"wp-block-image\">\n<figure class=\"alignleft is-resized\"><img loading=\"lazy\" decoding=\"async\" src=\"https:\/\/ukkodemakka.de\/wp-content\/uploads\/2020\/11\/resistance1-718x1024.jpg\" alt=\"\" class=\"wp-image-83\" width=\"515\" height=\"734\" srcset=\"https:\/\/ukkodemakka.de\/wp-content\/uploads\/2020\/11\/resistance1-718x1024.jpg 718w, https:\/\/ukkodemakka.de\/wp-content\/uploads\/2020\/11\/resistance1-210x300.jpg 210w, https:\/\/ukkodemakka.de\/wp-content\/uploads\/2020\/11\/resistance1-768x1095.jpg 768w, https:\/\/ukkodemakka.de\/wp-content\/uploads\/2020\/11\/resistance1-1077x1536.jpg 1077w, https:\/\/ukkodemakka.de\/wp-content\/uploads\/2020\/11\/resistance1-400x570.jpg 400w, https:\/\/ukkodemakka.de\/wp-content\/uploads\/2020\/11\/resistance1-800x1141.jpg 800w, https:\/\/ukkodemakka.de\/wp-content\/uploads\/2020\/11\/resistance1.jpg 1205w\" sizes=\"(max-width: 515px) 100vw, 515px\" \/><figcaption>grandma I 2020 I 332x242mm<\/figcaption><\/figure><\/div>\n\n\n<figure class=\"wp-block-image size-large is-resized\"><img loading=\"lazy\" decoding=\"async\" src=\"https:\/\/ukkodemakka.de\/wp-content\/uploads\/2021\/01\/124657055_1083535888756437_8406620950667677124_n.jpg\" alt=\"\" class=\"wp-image-721\" width=\"517\" height=\"517\" srcset=\"https:\/\/ukkodemakka.de\/wp-content\/uploads\/2021\/01\/124657055_1083535888756437_8406620950667677124_n.jpg 480w, https:\/\/ukkodemakka.de\/wp-content\/uploads\/2021\/01\/124657055_1083535888756437_8406620950667677124_n-300x300.jpg 300w, https:\/\/ukkodemakka.de\/wp-content\/uploads\/2021\/01\/124657055_1083535888756437_8406620950667677124_n-150x150.jpg 150w, https:\/\/ukkodemakka.de\/wp-content\/uploads\/2021\/01\/124657055_1083535888756437_8406620950667677124_n-400x400.jpg 400w\" sizes=\"(max-width: 517px) 100vw, 517px\" \/><figcaption>dear white savior   dear older sister I 2020 I 33x24cm<\/figcaption><\/figure>\n\n\n\n<figure class=\"wp-block-image size-large is-resized\"><img loading=\"lazy\" decoding=\"async\" src=\"https:\/\/ukkodemakka.de\/wp-content\/uploads\/2021\/01\/the-lesbian-couple1-1024x718.jpg\" alt=\"\" class=\"wp-image-714\" width=\"526\" height=\"368\" srcset=\"https:\/\/ukkodemakka.de\/wp-content\/uploads\/2021\/01\/the-lesbian-couple1-1024x718.jpg 1024w, https:\/\/ukkodemakka.de\/wp-content\/uploads\/2021\/01\/the-lesbian-couple1-300x210.jpg 300w, https:\/\/ukkodemakka.de\/wp-content\/uploads\/2021\/01\/the-lesbian-couple1-768x539.jpg 768w, https:\/\/ukkodemakka.de\/wp-content\/uploads\/2021\/01\/the-lesbian-couple1-1536x1077.jpg 1536w, https:\/\/ukkodemakka.de\/wp-content\/uploads\/2021\/01\/the-lesbian-couple1-400x281.jpg 400w, https:\/\/ukkodemakka.de\/wp-content\/uploads\/2021\/01\/the-lesbian-couple1-800x561.jpg 800w, https:\/\/ukkodemakka.de\/wp-content\/uploads\/2021\/01\/the-lesbian-couple1.jpg 1718w\" sizes=\"(max-width: 526px) 100vw, 526px\" \/><figcaption>the couple I 2020 I 332x242mm<\/figcaption><\/figure>\n\n\n\n<div class=\"wp-block-group\"><div class=\"wp-block-group__inner-container is-layout-flow wp-block-group-is-layout-flow\">\n<div class=\"wp-block-group alignwide\"><div class=\"wp-block-group__inner-container is-layout-flow wp-block-group-is-layout-flow\">\n<figure class=\"wp-block-image size-large is-resized\"><img loading=\"lazy\" decoding=\"async\" src=\"https:\/\/ukkodemakka.de\/wp-content\/uploads\/2020\/11\/DSC_0149-681x1024.jpg\" alt=\"\" class=\"wp-image-120\" width=\"541\" height=\"813\" srcset=\"https:\/\/ukkodemakka.de\/wp-content\/uploads\/2020\/11\/DSC_0149-681x1024.jpg 681w, https:\/\/ukkodemakka.de\/wp-content\/uploads\/2020\/11\/DSC_0149-199x300.jpg 199w, https:\/\/ukkodemakka.de\/wp-content\/uploads\/2020\/11\/DSC_0149-768x1155.jpg 768w, https:\/\/ukkodemakka.de\/wp-content\/uploads\/2020\/11\/DSC_0149-1021x1536.jpg 1021w, https:\/\/ukkodemakka.de\/wp-content\/uploads\/2020\/11\/DSC_0149-1362x2048.jpg 1362w, https:\/\/ukkodemakka.de\/wp-content\/uploads\/2020\/11\/DSC_0149-1870x2812.jpg 1870w, https:\/\/ukkodemakka.de\/wp-content\/uploads\/2020\/11\/DSC_0149-400x602.jpg 400w, https:\/\/ukkodemakka.de\/wp-content\/uploads\/2020\/11\/DSC_0149-800x1203.jpg 800w, https:\/\/ukkodemakka.de\/wp-content\/uploads\/2020\/11\/DSC_0149-scaled.jpg 1702w\" sizes=\"(max-width: 541px) 100vw, 541px\" \/><figcaption>Yolanda Becerra Vega I 2017 I 50x70cm<\/figcaption><\/figure>\n<\/div><\/div>\n\n\n\n<figure class=\"wp-block-image size-large is-resized\"><img loading=\"lazy\" decoding=\"async\" src=\"https:\/\/ukkodemakka.de\/wp-content\/uploads\/2021\/01\/2015-02-23-23.03.26-1-1.jpg\" alt=\"\" class=\"wp-image-708\" width=\"582\" height=\"356\" srcset=\"https:\/\/ukkodemakka.de\/wp-content\/uploads\/2021\/01\/2015-02-23-23.03.26-1-1.jpg 640w, https:\/\/ukkodemakka.de\/wp-content\/uploads\/2021\/01\/2015-02-23-23.03.26-1-1-300x184.jpg 300w, https:\/\/ukkodemakka.de\/wp-content\/uploads\/2021\/01\/2015-02-23-23.03.26-1-1-400x245.jpg 400w\" sizes=\"(max-width: 582px) 100vw, 582px\" \/><figcaption>witness I 2017 I 50x70cm<\/figcaption><\/figure>\n<\/div><\/div>\n\n\n\n<p><\/p>\n\n\n\n<figure class=\"wp-block-image size-large is-resized\"><img loading=\"lazy\" decoding=\"async\" src=\"https:\/\/ukkodemakka.de\/wp-content\/uploads\/2021\/01\/CCI08112020_0002-718x1024.jpg\" alt=\"\" class=\"wp-image-719\" width=\"300\" height=\"428\" srcset=\"https:\/\/ukkodemakka.de\/wp-content\/uploads\/2021\/01\/CCI08112020_0002-718x1024.jpg 718w, https:\/\/ukkodemakka.de\/wp-content\/uploads\/2021\/01\/CCI08112020_0002-210x300.jpg 210w, https:\/\/ukkodemakka.de\/wp-content\/uploads\/2021\/01\/CCI08112020_0002-768x1095.jpg 768w, https:\/\/ukkodemakka.de\/wp-content\/uploads\/2021\/01\/CCI08112020_0002-1077x1536.jpg 1077w, https:\/\/ukkodemakka.de\/wp-content\/uploads\/2021\/01\/CCI08112020_0002-1436x2048.jpg 1436w, https:\/\/ukkodemakka.de\/wp-content\/uploads\/2021\/01\/CCI08112020_0002-1870x2667.jpg 1870w, https:\/\/ukkodemakka.de\/wp-content\/uploads\/2021\/01\/CCI08112020_0002-400x571.jpg 400w, https:\/\/ukkodemakka.de\/wp-content\/uploads\/2021\/01\/CCI08112020_0002-800x1141.jpg 800w, https:\/\/ukkodemakka.de\/wp-content\/uploads\/2021\/01\/CCI08112020_0002-scaled.jpg 1795w\" sizes=\"(max-width: 300px) 100vw, 300px\" \/><figcaption>the lie I 2020 I 332x242mm<\/figcaption><\/figure>\n","protected":false},"excerpt":{"rendered":"<p>Triggerwarnung Krieg, Gewalt\u00a0 Eltern Was trage ich auf meinen Schultern? Wer h\u00f6rt zu, wenn ich erz\u00e4hle\u00a0 Das ich nie deine Tr\u00e4nen sah. Macht es dich stark? Wir d\u00fcrfen schwach sein. Und wenn du dann doch weinst. Ist es dann in den Momenten, wo du daran denkst, dass es h\u00e4tte anders sein k\u00f6nnen Dieses Meer an &hellip; <\/p>\n<p class=\"link-more\"><a href=\"https:\/\/ukkodemakka.de\/?page_id=45\" class=\"more-link\"><span class=\"screen-reader-text\">\u201eMalereien\u201c <\/span>weiterlesen<\/a><\/p>\n","protected":false},"author":1,"featured_media":0,"parent":0,"menu_order":0,"comment_status":"closed","ping_status":"closed","template":"","meta":{"footnotes":""},"class_list":["post-45","page","type-page","status-publish","hentry"],"_links":{"self":[{"href":"https:\/\/ukkodemakka.de\/index.php?rest_route=\/wp\/v2\/pages\/45"}],"collection":[{"href":"https:\/\/ukkodemakka.de\/index.php?rest_route=\/wp\/v2\/pages"}],"about":[{"href":"https:\/\/ukkodemakka.de\/index.php?rest_route=\/wp\/v2\/types\/page"}],"author":[{"embeddable":true,"href":"https:\/\/ukkodemakka.de\/index.php?rest_route=\/wp\/v2\/users\/1"}],"replies":[{"embeddable":true,"href":"https:\/\/ukkodemakka.de\/index.php?rest_route=%2Fwp%2Fv2%2Fcomments&post=45"}],"version-history":[{"count":30,"href":"https:\/\/ukkodemakka.de\/index.php?rest_route=\/wp\/v2\/pages\/45\/revisions"}],"predecessor-version":[{"id":1055,"href":"https:\/\/ukkodemakka.de\/index.php?rest_route=\/wp\/v2\/pages\/45\/revisions\/1055"}],"wp:attachment":[{"href":"https:\/\/ukkodemakka.de\/index.php?rest_route=%2Fwp%2Fv2%2Fmedia&parent=45"}],"curies":[{"name":"wp","href":"https:\/\/api.w.org\/{rel}","templated":true}]}}