{"id":44,"date":"2020-11-07T12:50:56","date_gmt":"2020-11-07T12:50:56","guid":{"rendered":"https:\/\/ukkodemakka.de\/?page_id=44"},"modified":"2023-03-05T13:41:38","modified_gmt":"2023-03-05T13:41:38","slug":"performances","status":"publish","type":"page","link":"https:\/\/ukkodemakka.de\/?page_id=44","title":{"rendered":"Performances"},"content":{"rendered":"\n<h1 class=\"has-medium-font-size wp-block-heading\">Feuer                                                                                                                                    \u00bbFiur\u00ab ist eine Danksagung ans Feuer. <\/h1>\n\n\n\n<h2 class=\"wp-block-heading\" style=\"font-size:16px\">Wann fiel das Licht zum Boden? Wann machte der Mensch es sich zu eigen? Vom Funken bis hin zu erneuerbaren Energiequellen. Der Fund, die Entwicklung und die Folgen der Industrialisierung beginnen wann und wo. Enden wie? Die \u00e4lteste Gl\u00fchbirne der Welt brennt seit 1901 in einer Feuerwache in Livermore (Kalifornien).<\/h2>\n\n\n\n<h2 class=\"wp-block-heading\" style=\"font-size:16px\">Licht ist, wie Feuer, eines der bedeutendsten Ph\u00e4nomene in vielen Kulturen. Gestern \u00d6llampe, heute LEDs und morgen ?                                     <\/h2>\n\n\n\n<h2 class=\"wp-block-heading\" style=\"font-size:16px\">Fiur ist eine kleine Zeitreise, ein Traum, ein Motor, ein Wind der nicht erfriert. Fiur l\u00e4dt ein einen Moment sich vom Licht in den Bann ziehen zu lassen. Oder geht es doch um the white gaze und das Koloniale Erbe. Welchen Abdruck wir\/sie\/ich auf der Erde hinterlassen? Spiele ich mit der Exotisierung meiner Person ? Vielleicht ein wenig \ud83d\ude09<\/h2>\n\n\n\n<h2 class=\"wp-block-heading\" style=\"font-size:16px\">Feuer althochdeutsch: fiur).<\/h2>\n\n\n\n<figure class=\"wp-block-gallery has-nested-images columns-default is-cropped wp-block-gallery-1 is-layout-flex wp-block-gallery-is-layout-flex\">\n<figure class=\"wp-block-image size-large\"><img loading=\"lazy\" decoding=\"async\" width=\"683\" height=\"1024\" data-id=\"417\" src=\"https:\/\/ukkodemakka.de\/wp-content\/uploads\/2020\/12\/IMG_3360-683x1024-2.jpg\" alt=\"\" class=\"wp-image-417\" srcset=\"https:\/\/ukkodemakka.de\/wp-content\/uploads\/2020\/12\/IMG_3360-683x1024-2.jpg 683w, https:\/\/ukkodemakka.de\/wp-content\/uploads\/2020\/12\/IMG_3360-683x1024-2-200x300.jpg 200w, https:\/\/ukkodemakka.de\/wp-content\/uploads\/2020\/12\/IMG_3360-683x1024-2-400x600.jpg 400w\" sizes=\"auto, (max-width: 683px) 100vw, 683px\" \/><\/figure>\n\n\n\n<figure class=\"wp-block-image size-large\"><img loading=\"lazy\" decoding=\"async\" width=\"1024\" height=\"683\" data-id=\"418\" src=\"https:\/\/ukkodemakka.de\/wp-content\/uploads\/2020\/12\/IMG_3365-1024x683-2.jpg\" alt=\"\" class=\"wp-image-418\" srcset=\"https:\/\/ukkodemakka.de\/wp-content\/uploads\/2020\/12\/IMG_3365-1024x683-2.jpg 1024w, https:\/\/ukkodemakka.de\/wp-content\/uploads\/2020\/12\/IMG_3365-1024x683-2-300x200.jpg 300w, https:\/\/ukkodemakka.de\/wp-content\/uploads\/2020\/12\/IMG_3365-1024x683-2-768x512.jpg 768w, https:\/\/ukkodemakka.de\/wp-content\/uploads\/2020\/12\/IMG_3365-1024x683-2-400x267.jpg 400w, https:\/\/ukkodemakka.de\/wp-content\/uploads\/2020\/12\/IMG_3365-1024x683-2-800x534.jpg 800w\" sizes=\"auto, (max-width: 706px) 89vw, (max-width: 767px) 82vw, 740px\" \/><\/figure>\n\n\n\n<figure class=\"wp-block-image size-large\"><img loading=\"lazy\" decoding=\"async\" width=\"1024\" height=\"683\" data-id=\"419\" src=\"https:\/\/ukkodemakka.de\/wp-content\/uploads\/2020\/12\/IMG_3367-1024x683-2.jpg\" alt=\"\" class=\"wp-image-419\" srcset=\"https:\/\/ukkodemakka.de\/wp-content\/uploads\/2020\/12\/IMG_3367-1024x683-2.jpg 1024w, https:\/\/ukkodemakka.de\/wp-content\/uploads\/2020\/12\/IMG_3367-1024x683-2-300x200.jpg 300w, https:\/\/ukkodemakka.de\/wp-content\/uploads\/2020\/12\/IMG_3367-1024x683-2-768x512.jpg 768w, https:\/\/ukkodemakka.de\/wp-content\/uploads\/2020\/12\/IMG_3367-1024x683-2-400x267.jpg 400w, https:\/\/ukkodemakka.de\/wp-content\/uploads\/2020\/12\/IMG_3367-1024x683-2-800x534.jpg 800w\" sizes=\"auto, (max-width: 706px) 89vw, (max-width: 767px) 82vw, 740px\" \/><\/figure>\n\n\n\n<figure class=\"wp-block-image size-large\"><img loading=\"lazy\" decoding=\"async\" width=\"1024\" height=\"683\" data-id=\"420\" src=\"https:\/\/ukkodemakka.de\/wp-content\/uploads\/2020\/12\/IMG_3365-1024x683-3.jpg\" alt=\"\" class=\"wp-image-420\" srcset=\"https:\/\/ukkodemakka.de\/wp-content\/uploads\/2020\/12\/IMG_3365-1024x683-3.jpg 1024w, https:\/\/ukkodemakka.de\/wp-content\/uploads\/2020\/12\/IMG_3365-1024x683-3-300x200.jpg 300w, https:\/\/ukkodemakka.de\/wp-content\/uploads\/2020\/12\/IMG_3365-1024x683-3-768x512.jpg 768w, https:\/\/ukkodemakka.de\/wp-content\/uploads\/2020\/12\/IMG_3365-1024x683-3-400x267.jpg 400w, https:\/\/ukkodemakka.de\/wp-content\/uploads\/2020\/12\/IMG_3365-1024x683-3-800x534.jpg 800w\" sizes=\"auto, (max-width: 706px) 89vw, (max-width: 767px) 82vw, 740px\" \/><\/figure>\n<\/figure>\n\n\n\n<p>2015 Fiur Performance, Lichtcampus, Zentrum f\u00fcr Internationale Lichtkunst, Hamburg<\/p>\n\n\n\n<p><\/p>\n\n\n\n<p><\/p>\n\n\n\n<p class=\"has-medium-font-size\">2016 Omgang Performance, PENG | SPUREN VON AU\u00dfERIRDISCHEN IN AFRIKA UND EUROPA, KAISER&amp;CREAM Galerie, Wiesbaden<\/p>\n\n\n\n<p>Das ist kein Portrait. Sondern ein Moment.  Ich male Kreise in den Farben die mir in den Sinn kommen, wenn ich dir gegen\u00fcber sitze. Besucher*innen fragen woher ich ihre Lieblingsfarben kenne. Sie fragen ob sie mich in den Arm nehmen d\u00fcrfen.  Manche fangen an zu weinen. Ob ich ihre Aura male. Sie fragen ob ich heilen kann, dies verneine ich. Es ist ein Moment der Begegnung.<\/p>\n\n\n\n<p>Omgang ist ein Wort aus dem D\u00e4nischen und steht f\u00fcr <a href=\"https:\/\/de.langenscheidt.com\/daenisch-deutsch\/omgang#sense-1.1.1\">Umgang, Verkehr, Runde, Lage<\/a><\/p>\n\n\n\n<p>Wie wollen wir einander begegnen ? <\/p>\n\n\n\n<p>Aussagen die man nicht mehr H\u00f6ren m\u00f6chte: Woher kommst du? Wann gehst du in dein Land zur\u00fcck? Du siehst aber nicht Deutsch aus! Du sprichst aber gutes Deutsch!<\/p>\n\n\n\n<p>Alltagsrassismus ist ein Strukturelles Problem. <\/p>\n\n\n\n<p>In meinen Arbeiten spiele ich h\u00e4ufig mit dem sogenannten &#8222;Anderen&#8220; und &#8222;dem Fremden&#8220;.<\/p>\n\n\n\n<p>Buchtipp: Wie Rassismus aus W\u00f6rtern spricht : (K)Erben des Kolonialismus im Wissensarchiv deutscher Sprache ; ein kritisches Nachschlagewerk von Susan Arndt <\/p>\n\n\n\n<p>Begriffserkl\u00e4rungen : https:\/\/diversity-arts-culture.berlin\/woerterbuch\/othering<\/p>\n\n\n\n<figure class=\"wp-block-gallery has-nested-images columns-default is-cropped wp-block-gallery-2 is-layout-flex wp-block-gallery-is-layout-flex\">\n<figure class=\"wp-block-image size-large\"><img loading=\"lazy\" decoding=\"async\" width=\"960\" height=\"960\" data-id=\"422\" src=\"https:\/\/ukkodemakka.de\/wp-content\/uploads\/2020\/12\/Omgang-Performance-Rundgang-2016-Kunsthoschule-Mainz1-1.jpg\" alt=\"\" class=\"wp-image-422\" srcset=\"https:\/\/ukkodemakka.de\/wp-content\/uploads\/2020\/12\/Omgang-Performance-Rundgang-2016-Kunsthoschule-Mainz1-1.jpg 960w, https:\/\/ukkodemakka.de\/wp-content\/uploads\/2020\/12\/Omgang-Performance-Rundgang-2016-Kunsthoschule-Mainz1-1-300x300.jpg 300w, https:\/\/ukkodemakka.de\/wp-content\/uploads\/2020\/12\/Omgang-Performance-Rundgang-2016-Kunsthoschule-Mainz1-1-150x150.jpg 150w, https:\/\/ukkodemakka.de\/wp-content\/uploads\/2020\/12\/Omgang-Performance-Rundgang-2016-Kunsthoschule-Mainz1-1-768x768.jpg 768w, https:\/\/ukkodemakka.de\/wp-content\/uploads\/2020\/12\/Omgang-Performance-Rundgang-2016-Kunsthoschule-Mainz1-1-400x400.jpg 400w, https:\/\/ukkodemakka.de\/wp-content\/uploads\/2020\/12\/Omgang-Performance-Rundgang-2016-Kunsthoschule-Mainz1-1-800x800.jpg 800w\" sizes=\"auto, (max-width: 706px) 89vw, (max-width: 767px) 82vw, 740px\" \/><\/figure>\n\n\n\n<figure class=\"wp-block-image size-large\"><img loading=\"lazy\" decoding=\"async\" width=\"1024\" height=\"576\" data-id=\"423\" src=\"https:\/\/ukkodemakka.de\/wp-content\/uploads\/2020\/12\/Omgang-Performance-Rundgang-2016-Kunsthoschule-Mainz2-1024x576-2.jpg\" alt=\"\" class=\"wp-image-423\" srcset=\"https:\/\/ukkodemakka.de\/wp-content\/uploads\/2020\/12\/Omgang-Performance-Rundgang-2016-Kunsthoschule-Mainz2-1024x576-2.jpg 1024w, https:\/\/ukkodemakka.de\/wp-content\/uploads\/2020\/12\/Omgang-Performance-Rundgang-2016-Kunsthoschule-Mainz2-1024x576-2-300x169.jpg 300w, https:\/\/ukkodemakka.de\/wp-content\/uploads\/2020\/12\/Omgang-Performance-Rundgang-2016-Kunsthoschule-Mainz2-1024x576-2-768x432.jpg 768w, https:\/\/ukkodemakka.de\/wp-content\/uploads\/2020\/12\/Omgang-Performance-Rundgang-2016-Kunsthoschule-Mainz2-1024x576-2-400x225.jpg 400w, https:\/\/ukkodemakka.de\/wp-content\/uploads\/2020\/12\/Omgang-Performance-Rundgang-2016-Kunsthoschule-Mainz2-1024x576-2-800x450.jpg 800w\" sizes=\"auto, (max-width: 706px) 89vw, (max-width: 767px) 82vw, 740px\" \/><\/figure>\n\n\n\n<figure class=\"wp-block-image size-large\"><img loading=\"lazy\" decoding=\"async\" width=\"480\" height=\"640\" data-id=\"424\" src=\"https:\/\/ukkodemakka.de\/wp-content\/uploads\/2020\/12\/Omgang-Performance-Rundgang-2016-Kunsthoschule-Mainz11-1.jpg\" alt=\"\" class=\"wp-image-424\" srcset=\"https:\/\/ukkodemakka.de\/wp-content\/uploads\/2020\/12\/Omgang-Performance-Rundgang-2016-Kunsthoschule-Mainz11-1.jpg 480w, https:\/\/ukkodemakka.de\/wp-content\/uploads\/2020\/12\/Omgang-Performance-Rundgang-2016-Kunsthoschule-Mainz11-1-225x300.jpg 225w, https:\/\/ukkodemakka.de\/wp-content\/uploads\/2020\/12\/Omgang-Performance-Rundgang-2016-Kunsthoschule-Mainz11-1-400x533.jpg 400w\" sizes=\"auto, (max-width: 480px) 100vw, 480px\" \/><\/figure>\n\n\n\n<figure class=\"wp-block-image size-large\"><img loading=\"lazy\" decoding=\"async\" width=\"480\" height=\"640\" data-id=\"425\" src=\"https:\/\/ukkodemakka.de\/wp-content\/uploads\/2020\/12\/12592288_10208547695953921_1418484384796133715_n-1.jpg\" alt=\"\" class=\"wp-image-425\" srcset=\"https:\/\/ukkodemakka.de\/wp-content\/uploads\/2020\/12\/12592288_10208547695953921_1418484384796133715_n-1.jpg 480w, https:\/\/ukkodemakka.de\/wp-content\/uploads\/2020\/12\/12592288_10208547695953921_1418484384796133715_n-1-225x300.jpg 225w, https:\/\/ukkodemakka.de\/wp-content\/uploads\/2020\/12\/12592288_10208547695953921_1418484384796133715_n-1-400x533.jpg 400w\" sizes=\"auto, (max-width: 480px) 100vw, 480px\" \/><\/figure>\n\n\n\n<figure class=\"wp-block-image size-large\"><img loading=\"lazy\" decoding=\"async\" width=\"480\" height=\"640\" data-id=\"438\" src=\"https:\/\/ukkodemakka.de\/wp-content\/uploads\/2020\/12\/Flyer-Omgang-1.jpg\" alt=\"\" class=\"wp-image-438\" srcset=\"https:\/\/ukkodemakka.de\/wp-content\/uploads\/2020\/12\/Flyer-Omgang-1.jpg 480w, https:\/\/ukkodemakka.de\/wp-content\/uploads\/2020\/12\/Flyer-Omgang-1-225x300.jpg 225w, https:\/\/ukkodemakka.de\/wp-content\/uploads\/2020\/12\/Flyer-Omgang-1-400x533.jpg 400w\" sizes=\"auto, (max-width: 480px) 100vw, 480px\" \/><\/figure>\n<\/figure>\n\n\n\n<p><\/p>\n\n\n\n<p>2016 Cut &amp; Go Performance, Cafe Pf\u00f6rtner, Berlin<\/p>\n\n\n\n<p>Wer sammelt? was wird gesammelt? Wer entscheidet was Wert hat oder wer ausgestellt wird?<\/p>\n\n\n\n<p><\/p>\n\n\n\n<p>lasst uns tauschen                                                                                                                                                    lasst uns diesen Moment teilen<\/p>\n\n\n\n<p>In Museen gibt es Shops: Wer m\u00f6chte kann eine kleine Ausgabe des gro\u00dfen Werks in Form einer Postkarte, Kugelschreibers oder Print auf Kaffeetasse erwerben. <\/p>\n\n\n\n<p>Was hat es  auf sich, mit den mini Varianten der Kunstwerke? Konsum, Kaufkraft und K\u00e4uferinnen. <\/p>\n\n\n\n<p>lasst uns tauschen                                                                                                                                                   lasst uns einfach sein<\/p>\n\n\n\n<p>im Moment <\/p>\n\n\n\n<p>eine Erinnerung <\/p>\n\n\n\n<p>In einem Cafe mitten in Berlin, warte ich um ihnen Papier und Schere zu reichen. Wir schneiden gemeinsam. Welche Farben w\u00e4hlen sie?  <\/p>\n\n\n\n<p>Jedes Papier war einmal ein Baum. Was hat an Wert verloren?<\/p>\n\n\n\n<figure class=\"wp-block-gallery has-nested-images columns-default is-cropped wp-block-gallery-3 is-layout-flex wp-block-gallery-is-layout-flex\">\n<figure class=\"wp-block-image size-large\"><img loading=\"lazy\" decoding=\"async\" width=\"480\" height=\"640\" data-id=\"426\" src=\"https:\/\/ukkodemakka.de\/wp-content\/uploads\/2020\/12\/2016-03-04-14.04.42.jpg\" alt=\"\" class=\"wp-image-426\" srcset=\"https:\/\/ukkodemakka.de\/wp-content\/uploads\/2020\/12\/2016-03-04-14.04.42.jpg 480w, https:\/\/ukkodemakka.de\/wp-content\/uploads\/2020\/12\/2016-03-04-14.04.42-225x300.jpg 225w, https:\/\/ukkodemakka.de\/wp-content\/uploads\/2020\/12\/2016-03-04-14.04.42-400x533.jpg 400w\" sizes=\"auto, (max-width: 480px) 100vw, 480px\" \/><\/figure>\n\n\n\n<figure class=\"wp-block-image size-large\"><img loading=\"lazy\" decoding=\"async\" width=\"480\" height=\"640\" data-id=\"427\" src=\"https:\/\/ukkodemakka.de\/wp-content\/uploads\/2020\/12\/2016-03-04-15.06.19-1-rotated.jpg\" alt=\"\" class=\"wp-image-427\" srcset=\"https:\/\/ukkodemakka.de\/wp-content\/uploads\/2020\/12\/2016-03-04-15.06.19-1-rotated.jpg 480w, https:\/\/ukkodemakka.de\/wp-content\/uploads\/2020\/12\/2016-03-04-15.06.19-1-225x300.jpg 225w, https:\/\/ukkodemakka.de\/wp-content\/uploads\/2020\/12\/2016-03-04-15.06.19-1-400x533.jpg 400w\" sizes=\"auto, (max-width: 480px) 100vw, 480px\" \/><\/figure>\n\n\n\n<figure class=\"wp-block-image size-large\"><img loading=\"lazy\" decoding=\"async\" width=\"480\" height=\"640\" data-id=\"428\" src=\"https:\/\/ukkodemakka.de\/wp-content\/uploads\/2020\/12\/2016-03-09-18.54.00-rotated-1.jpg\" alt=\"\" class=\"wp-image-428\" srcset=\"https:\/\/ukkodemakka.de\/wp-content\/uploads\/2020\/12\/2016-03-09-18.54.00-rotated-1.jpg 480w, https:\/\/ukkodemakka.de\/wp-content\/uploads\/2020\/12\/2016-03-09-18.54.00-rotated-1-225x300.jpg 225w, https:\/\/ukkodemakka.de\/wp-content\/uploads\/2020\/12\/2016-03-09-18.54.00-rotated-1-400x533.jpg 400w\" sizes=\"auto, (max-width: 480px) 100vw, 480px\" \/><\/figure>\n<figcaption class=\"blocks-gallery-caption wp-element-caption\"><br><br><br><\/figcaption><\/figure>\n\n\n\n<p class=\"has-medium-font-size\">2018 Tank Performance, <a href=\"https:\/\/kunsthochschule-mainz.de\/2018\/09\/how-to-touch-an-airport-gently\/\">how-to-touch-an-airport-gently<\/a>\/<strong>&nbsp;Frankfurter Flughafens<\/strong><\/p>\n\n\n\n<p><\/p>\n\n\n\n<figure class=\"wp-block-gallery has-nested-images columns-default is-cropped wp-block-gallery-4 is-layout-flex wp-block-gallery-is-layout-flex\">\n<figure class=\"wp-block-image size-large\"><img loading=\"lazy\" decoding=\"async\" width=\"768\" height=\"1024\" data-id=\"431\" src=\"https:\/\/ukkodemakka.de\/wp-content\/uploads\/2020\/12\/IMG-20181021-WA0025-768x1024.jpg\" alt=\"\" class=\"wp-image-431\" srcset=\"https:\/\/ukkodemakka.de\/wp-content\/uploads\/2020\/12\/IMG-20181021-WA0025-768x1024.jpg 768w, https:\/\/ukkodemakka.de\/wp-content\/uploads\/2020\/12\/IMG-20181021-WA0025-225x300.jpg 225w, https:\/\/ukkodemakka.de\/wp-content\/uploads\/2020\/12\/IMG-20181021-WA0025-1152x1536.jpg 1152w, https:\/\/ukkodemakka.de\/wp-content\/uploads\/2020\/12\/IMG-20181021-WA0025-400x533.jpg 400w, https:\/\/ukkodemakka.de\/wp-content\/uploads\/2020\/12\/IMG-20181021-WA0025-800x1067.jpg 800w, https:\/\/ukkodemakka.de\/wp-content\/uploads\/2020\/12\/IMG-20181021-WA0025.jpg 1200w\" sizes=\"auto, (max-width: 706px) 89vw, (max-width: 767px) 82vw, 740px\" \/><\/figure>\n\n\n\n<figure class=\"wp-block-image size-large\"><img loading=\"lazy\" decoding=\"async\" width=\"768\" height=\"1024\" data-id=\"432\" src=\"https:\/\/ukkodemakka.de\/wp-content\/uploads\/2020\/12\/IMG-20181021-WA0033-768x1024.jpg\" alt=\"\" class=\"wp-image-432\" srcset=\"https:\/\/ukkodemakka.de\/wp-content\/uploads\/2020\/12\/IMG-20181021-WA0033-768x1024.jpg 768w, https:\/\/ukkodemakka.de\/wp-content\/uploads\/2020\/12\/IMG-20181021-WA0033-225x300.jpg 225w, https:\/\/ukkodemakka.de\/wp-content\/uploads\/2020\/12\/IMG-20181021-WA0033-1152x1536.jpg 1152w, https:\/\/ukkodemakka.de\/wp-content\/uploads\/2020\/12\/IMG-20181021-WA0033-400x533.jpg 400w, https:\/\/ukkodemakka.de\/wp-content\/uploads\/2020\/12\/IMG-20181021-WA0033-800x1067.jpg 800w, https:\/\/ukkodemakka.de\/wp-content\/uploads\/2020\/12\/IMG-20181021-WA0033.jpg 1200w\" sizes=\"auto, (max-width: 706px) 89vw, (max-width: 767px) 82vw, 740px\" \/><\/figure>\n\n\n\n<figure class=\"wp-block-image size-large\"><img loading=\"lazy\" decoding=\"async\" width=\"1024\" height=\"768\" data-id=\"433\" src=\"https:\/\/ukkodemakka.de\/wp-content\/uploads\/2020\/12\/IMG-20181021-WA0037-1024x768.jpg\" alt=\"\" class=\"wp-image-433\" srcset=\"https:\/\/ukkodemakka.de\/wp-content\/uploads\/2020\/12\/IMG-20181021-WA0037-1024x768.jpg 1024w, https:\/\/ukkodemakka.de\/wp-content\/uploads\/2020\/12\/IMG-20181021-WA0037-300x225.jpg 300w, https:\/\/ukkodemakka.de\/wp-content\/uploads\/2020\/12\/IMG-20181021-WA0037-768x576.jpg 768w, https:\/\/ukkodemakka.de\/wp-content\/uploads\/2020\/12\/IMG-20181021-WA0037-1536x1152.jpg 1536w, https:\/\/ukkodemakka.de\/wp-content\/uploads\/2020\/12\/IMG-20181021-WA0037-400x300.jpg 400w, https:\/\/ukkodemakka.de\/wp-content\/uploads\/2020\/12\/IMG-20181021-WA0037-800x600.jpg 800w, https:\/\/ukkodemakka.de\/wp-content\/uploads\/2020\/12\/IMG-20181021-WA0037.jpg 1600w\" sizes=\"auto, (max-width: 706px) 89vw, (max-width: 767px) 82vw, 740px\" \/><\/figure>\n\n\n\n<figure class=\"wp-block-image size-large\"><img loading=\"lazy\" decoding=\"async\" width=\"1024\" height=\"768\" data-id=\"435\" src=\"https:\/\/ukkodemakka.de\/wp-content\/uploads\/2020\/12\/IMG-20181021-WA0046-1024x768.jpg\" alt=\"\" class=\"wp-image-435\" srcset=\"https:\/\/ukkodemakka.de\/wp-content\/uploads\/2020\/12\/IMG-20181021-WA0046-1024x768.jpg 1024w, https:\/\/ukkodemakka.de\/wp-content\/uploads\/2020\/12\/IMG-20181021-WA0046-300x225.jpg 300w, https:\/\/ukkodemakka.de\/wp-content\/uploads\/2020\/12\/IMG-20181021-WA0046-768x576.jpg 768w, https:\/\/ukkodemakka.de\/wp-content\/uploads\/2020\/12\/IMG-20181021-WA0046-1536x1152.jpg 1536w, https:\/\/ukkodemakka.de\/wp-content\/uploads\/2020\/12\/IMG-20181021-WA0046-400x300.jpg 400w, https:\/\/ukkodemakka.de\/wp-content\/uploads\/2020\/12\/IMG-20181021-WA0046-800x600.jpg 800w, https:\/\/ukkodemakka.de\/wp-content\/uploads\/2020\/12\/IMG-20181021-WA0046.jpg 1600w\" sizes=\"auto, (max-width: 706px) 89vw, (max-width: 767px) 82vw, 740px\" \/><\/figure>\n\n\n\n<figure class=\"wp-block-image size-large\"><img loading=\"lazy\" decoding=\"async\" width=\"768\" height=\"1024\" data-id=\"436\" src=\"https:\/\/ukkodemakka.de\/wp-content\/uploads\/2020\/12\/IMG-20181021-WA0055-768x1024.jpg\" alt=\"\" class=\"wp-image-436\" srcset=\"https:\/\/ukkodemakka.de\/wp-content\/uploads\/2020\/12\/IMG-20181021-WA0055-768x1024.jpg 768w, https:\/\/ukkodemakka.de\/wp-content\/uploads\/2020\/12\/IMG-20181021-WA0055-225x300.jpg 225w, https:\/\/ukkodemakka.de\/wp-content\/uploads\/2020\/12\/IMG-20181021-WA0055-1152x1536.jpg 1152w, https:\/\/ukkodemakka.de\/wp-content\/uploads\/2020\/12\/IMG-20181021-WA0055-400x533.jpg 400w, https:\/\/ukkodemakka.de\/wp-content\/uploads\/2020\/12\/IMG-20181021-WA0055-800x1067.jpg 800w, https:\/\/ukkodemakka.de\/wp-content\/uploads\/2020\/12\/IMG-20181021-WA0055.jpg 1200w\" sizes=\"auto, (max-width: 706px) 89vw, (max-width: 767px) 82vw, 740px\" \/><\/figure>\n\n\n\n<figure class=\"wp-block-image size-large\"><img loading=\"lazy\" decoding=\"async\" width=\"1024\" height=\"768\" data-id=\"437\" src=\"https:\/\/ukkodemakka.de\/wp-content\/uploads\/2020\/12\/IMG-20181021-WA0053-1-1024x768.jpg\" alt=\"\" class=\"wp-image-437\" srcset=\"https:\/\/ukkodemakka.de\/wp-content\/uploads\/2020\/12\/IMG-20181021-WA0053-1-1024x768.jpg 1024w, https:\/\/ukkodemakka.de\/wp-content\/uploads\/2020\/12\/IMG-20181021-WA0053-1-300x225.jpg 300w, https:\/\/ukkodemakka.de\/wp-content\/uploads\/2020\/12\/IMG-20181021-WA0053-1-768x576.jpg 768w, https:\/\/ukkodemakka.de\/wp-content\/uploads\/2020\/12\/IMG-20181021-WA0053-1-1536x1152.jpg 1536w, https:\/\/ukkodemakka.de\/wp-content\/uploads\/2020\/12\/IMG-20181021-WA0053-1-400x300.jpg 400w, https:\/\/ukkodemakka.de\/wp-content\/uploads\/2020\/12\/IMG-20181021-WA0053-1-800x600.jpg 800w, https:\/\/ukkodemakka.de\/wp-content\/uploads\/2020\/12\/IMG-20181021-WA0053-1.jpg 1600w\" sizes=\"auto, (max-width: 706px) 89vw, (max-width: 767px) 82vw, 740px\" \/><\/figure>\n<\/figure>\n\n\n\n<p class=\"has-medium-font-size\">2015, 24 hours sculpture, Tin man, Mainz<\/p>\n\n\n\n<p>Gab es je eine*n dark skin person die an der KHS Mainz studiert hat? Die Antwort lautet <strong>NEIN<\/strong>. Warum studieren weniger BIPoCs an (Kunst-)Hochschulen? Welche H\u00fcrden gibt es im Bildungswesen? Wie sieht es unter den Lehrenden aus ? Wer leitet das Haus? Noch weise Cis M\u00e4nner ? Wie sieht es auf dem Kunstmarkt aus? Wer gewinnt die Preise? <\/p>\n\n\n\n<p>W\u00e4hrend des Studiums im Rahmen des Rundgangs,  gibt es oft keinen Platz f\u00fcr meine Arbeiten. Wer m\u00f6chte schon Quoten Schwarze*r sein? Hochschulen: Sehen sie her,  wir sind ja so diverse . aber in Wirklichkeit kommen Aussagen wie: &#8222;Hier studieren keine Menschen aus einem bildungsfernen Milieu&#8220;. Wei\u00dfe Orte was bedeutet das f\u00fcr Schwarze K\u00f6rper ? Der Schwarze K\u00f6rper ist Widerstand! In der Performance Tin Man bin ich heute das morgen. There will be Black People in Future. <\/p>\n\n\n\n<figure class=\"wp-block-gallery has-nested-images columns-default is-cropped wp-block-gallery-5 is-layout-flex wp-block-gallery-is-layout-flex\">\n<figure class=\"wp-block-image size-large\"><img loading=\"lazy\" decoding=\"async\" width=\"768\" height=\"1024\" data-id=\"409\" src=\"https:\/\/ukkodemakka.de\/wp-content\/uploads\/2020\/12\/24-hour-sculpture.-2015.-Performance.-Rundgang-2015-768x1024-2.jpg\" alt=\"\" class=\"wp-image-409\" srcset=\"https:\/\/ukkodemakka.de\/wp-content\/uploads\/2020\/12\/24-hour-sculpture.-2015.-Performance.-Rundgang-2015-768x1024-2.jpg 768w, https:\/\/ukkodemakka.de\/wp-content\/uploads\/2020\/12\/24-hour-sculpture.-2015.-Performance.-Rundgang-2015-768x1024-2-225x300.jpg 225w, https:\/\/ukkodemakka.de\/wp-content\/uploads\/2020\/12\/24-hour-sculpture.-2015.-Performance.-Rundgang-2015-768x1024-2-400x533.jpg 400w\" sizes=\"auto, (max-width: 706px) 89vw, (max-width: 767px) 82vw, 740px\" \/><\/figure>\n\n\n\n<figure class=\"wp-block-image size-large\"><img loading=\"lazy\" decoding=\"async\" width=\"768\" height=\"1024\" data-id=\"410\" src=\"https:\/\/ukkodemakka.de\/wp-content\/uploads\/2020\/12\/24-hour-Sculpture.-2015.-Performance-768x1024-2.jpg\" alt=\"\" class=\"wp-image-410\" srcset=\"https:\/\/ukkodemakka.de\/wp-content\/uploads\/2020\/12\/24-hour-Sculpture.-2015.-Performance-768x1024-2.jpg 768w, https:\/\/ukkodemakka.de\/wp-content\/uploads\/2020\/12\/24-hour-Sculpture.-2015.-Performance-768x1024-2-225x300.jpg 225w, https:\/\/ukkodemakka.de\/wp-content\/uploads\/2020\/12\/24-hour-Sculpture.-2015.-Performance-768x1024-2-400x533.jpg 400w\" sizes=\"auto, (max-width: 706px) 89vw, (max-width: 767px) 82vw, 740px\" \/><\/figure>\n<\/figure>\n","protected":false},"excerpt":{"rendered":"<p>Feuer \u00bbFiur\u00ab ist eine Danksagung ans Feuer. Wann fiel das Licht zum Boden? Wann machte der Mensch es sich zu eigen? Vom Funken bis hin zu erneuerbaren Energiequellen. Der Fund, die Entwicklung und die Folgen der Industrialisierung beginnen wann und wo. Enden wie? Die \u00e4lteste Gl\u00fchbirne der Welt brennt seit 1901 in einer Feuerwache in &hellip; <\/p>\n<p class=\"link-more\"><a href=\"https:\/\/ukkodemakka.de\/?page_id=44\" class=\"more-link\"><span class=\"screen-reader-text\">\u201ePerformances\u201c <\/span>weiterlesen<\/a><\/p>\n","protected":false},"author":1,"featured_media":0,"parent":0,"menu_order":0,"comment_status":"closed","ping_status":"closed","template":"","meta":{"footnotes":""},"class_list":["post-44","page","type-page","status-publish","hentry"],"_links":{"self":[{"href":"https:\/\/ukkodemakka.de\/index.php?rest_route=\/wp\/v2\/pages\/44","targetHints":{"allow":["GET"]}}],"collection":[{"href":"https:\/\/ukkodemakka.de\/index.php?rest_route=\/wp\/v2\/pages"}],"about":[{"href":"https:\/\/ukkodemakka.de\/index.php?rest_route=\/wp\/v2\/types\/page"}],"author":[{"embeddable":true,"href":"https:\/\/ukkodemakka.de\/index.php?rest_route=\/wp\/v2\/users\/1"}],"replies":[{"embeddable":true,"href":"https:\/\/ukkodemakka.de\/index.php?rest_route=%2Fwp%2Fv2%2Fcomments&post=44"}],"version-history":[{"count":27,"href":"https:\/\/ukkodemakka.de\/index.php?rest_route=\/wp\/v2\/pages\/44\/revisions"}],"predecessor-version":[{"id":1142,"href":"https:\/\/ukkodemakka.de\/index.php?rest_route=\/wp\/v2\/pages\/44\/revisions\/1142"}],"wp:attachment":[{"href":"https:\/\/ukkodemakka.de\/index.php?rest_route=%2Fwp%2Fv2%2Fmedia&parent=44"}],"curies":[{"name":"wp","href":"https:\/\/api.w.org\/{rel}","templated":true}]}}