{"id":42,"date":"2020-11-07T12:50:56","date_gmt":"2020-11-07T12:50:56","guid":{"rendered":"https:\/\/ukkodemakka.de\/?page_id=42"},"modified":"2024-10-12T00:24:48","modified_gmt":"2024-10-12T00:24:48","slug":"installations","status":"publish","type":"page","link":"https:\/\/ukkodemakka.de\/?page_id=42","title":{"rendered":"Die SichtBar2018"},"content":{"rendered":"\n<p>Was ist die SichtBar2018 ?<\/p>\n\n\n\n<p style=\"font-size:18px\">Schwarze Widerst\u00e4nde gibt es seit Beginn der Kolonialisierung, jedoch sind diese wenig dokumentiert, noch nicht verbreitet oder haben zu wenig Reichweite. Spuren, Biografien und Positionen von schwarzen K\u00fcnstler*innen archiviere ich, weil ich wenig Zugang im Studium dazu hatte. Mit der SichtBar ist es mir ein gro\u00dfes Anliegen diese Leerstellen zu f\u00fcllen.                                  <\/p>\n\n\n\n<p style=\"font-size:18px\">                                                                                                                                                                                                                             <strong>Die SichtBar ist Labor, Leseinsel, Bibliothek, Archiv, Infopoint und ein mobiles DenkMal.   <\/strong>    <\/p>\n\n\n\n<p style=\"font-size:18px\">Das Mutterschiff besteht aus einem Korpus (dieser als Transport und Display dient) dazu geh\u00f6rigem Lese- und Kommunikationsbereich. Bestehend aus einem Tisch und zwei Hockern. Inhaltlich sammele ich aus der Perspektive von BiPoCs Literatur zu den Themen Kolonialgeschichte, Antirassismus, Flucht\/Migration, Empowerment f\u00fcr Erwachsene, Jugendliche und Kinderb\u00fccher und gebe queeren K\u00fcnstler*innen eine Plattform. Die SichtBar ist bewusst nicht nur Leseinsel sondern auch ein Treffpunkt um in den Austausch zu treten. All jene Begegnungen, Dialoge, Momente, Geschichten und Eindr\u00fccke konserviere ich in dem Archiv. Inspiriert wurde ich von Einrichtungen wie der Bibliothek des <a href=\"https:\/\/eoto-archiv.de\/\" data-type=\"URL\" data-id=\"https:\/\/eoto-archiv.de\/\">Each One Teach One e.V.<\/a> und dem <a href=\"https:\/\/www.facebook.com\/hopscotchreadingroom\/\" data-type=\"URL\" data-id=\"https:\/\/www.facebook.com\/hopscotchreadingroom\/\">Hopscotch Bookstore<\/a>. <\/p>\n\n\n\n<p style=\"font-size:18px\">Weitere Infos finden Sie unter<\/p>\n\n\n\n<h2 class=\"wp-block-heading\" style=\"font-size:21px\">Insta <a href=\"https:\/\/www.instagram.com\/sichtbar2018\/\" data-type=\"URL\" data-id=\"https:\/\/www.instagram.com\/sichtbar2018\/\">#sichtbar2018<\/a><\/h2>\n\n\n\n<p><strong>Facebook<\/strong> https<strong>:\/\/www.facebook.com\/SichtBar2018<\/strong><\/p>\n\n\n\n<figure class=\"wp-block-gallery has-nested-images columns-default is-cropped wp-block-gallery-1 is-layout-flex wp-block-gallery-is-layout-flex\">\n<figure class=\"wp-block-image size-large\"><img loading=\"lazy\" decoding=\"async\" width=\"150\" height=\"150\" data-id=\"397\" src=\"https:\/\/ukkodemakka.de\/wp-content\/uploads\/2020\/12\/93489337_2326106111022491_5160588533982822400_n.jpg\" alt=\"Logo der SichtBar\" class=\"wp-image-397\"\/><\/figure>\n\n\n\n<figure class=\"wp-block-image size-large\"><img loading=\"lazy\" decoding=\"async\" width=\"640\" height=\"640\" data-id=\"396\" src=\"https:\/\/ukkodemakka.de\/wp-content\/uploads\/2020\/12\/93259948_226114362058389_2801158258853807724_n.jpg\" alt=\"\" class=\"wp-image-396\" srcset=\"https:\/\/ukkodemakka.de\/wp-content\/uploads\/2020\/12\/93259948_226114362058389_2801158258853807724_n.jpg 640w, https:\/\/ukkodemakka.de\/wp-content\/uploads\/2020\/12\/93259948_226114362058389_2801158258853807724_n-300x300.jpg 300w, https:\/\/ukkodemakka.de\/wp-content\/uploads\/2020\/12\/93259948_226114362058389_2801158258853807724_n-150x150.jpg 150w, https:\/\/ukkodemakka.de\/wp-content\/uploads\/2020\/12\/93259948_226114362058389_2801158258853807724_n-400x400.jpg 400w\" sizes=\"(max-width: 640px) 100vw, 640px\" \/><\/figure>\n\n\n\n<figure class=\"wp-block-image size-large\"><img loading=\"lazy\" decoding=\"async\" width=\"640\" height=\"640\" data-id=\"398\" src=\"https:\/\/ukkodemakka.de\/wp-content\/uploads\/2020\/12\/93786077_533647544015682_4747167950576056829_n.jpg\" alt=\"\" class=\"wp-image-398\" srcset=\"https:\/\/ukkodemakka.de\/wp-content\/uploads\/2020\/12\/93786077_533647544015682_4747167950576056829_n.jpg 640w, https:\/\/ukkodemakka.de\/wp-content\/uploads\/2020\/12\/93786077_533647544015682_4747167950576056829_n-300x300.jpg 300w, https:\/\/ukkodemakka.de\/wp-content\/uploads\/2020\/12\/93786077_533647544015682_4747167950576056829_n-150x150.jpg 150w, https:\/\/ukkodemakka.de\/wp-content\/uploads\/2020\/12\/93786077_533647544015682_4747167950576056829_n-400x400.jpg 400w\" sizes=\"(max-width: 640px) 100vw, 640px\" \/><\/figure>\n\n\n\n<figure class=\"wp-block-image size-large\"><img loading=\"lazy\" decoding=\"async\" width=\"480\" height=\"480\" data-id=\"391\" src=\"https:\/\/ukkodemakka.de\/wp-content\/uploads\/2020\/12\/94322382_140006910908166_781197902000320146_n.jpg\" alt=\"\" class=\"wp-image-391\" srcset=\"https:\/\/ukkodemakka.de\/wp-content\/uploads\/2020\/12\/94322382_140006910908166_781197902000320146_n.jpg 480w, https:\/\/ukkodemakka.de\/wp-content\/uploads\/2020\/12\/94322382_140006910908166_781197902000320146_n-300x300.jpg 300w, https:\/\/ukkodemakka.de\/wp-content\/uploads\/2020\/12\/94322382_140006910908166_781197902000320146_n-150x150.jpg 150w, https:\/\/ukkodemakka.de\/wp-content\/uploads\/2020\/12\/94322382_140006910908166_781197902000320146_n-400x400.jpg 400w\" sizes=\"(max-width: 480px) 100vw, 480px\" \/><\/figure>\n\n\n\n<figure class=\"wp-block-image size-large\"><img loading=\"lazy\" decoding=\"async\" width=\"359\" height=\"359\" data-id=\"392\" src=\"https:\/\/ukkodemakka.de\/wp-content\/uploads\/2020\/12\/88345993_884926128614793_4930016600794473338_n.jpg\" alt=\"\" class=\"wp-image-392\" srcset=\"https:\/\/ukkodemakka.de\/wp-content\/uploads\/2020\/12\/88345993_884926128614793_4930016600794473338_n.jpg 359w, https:\/\/ukkodemakka.de\/wp-content\/uploads\/2020\/12\/88345993_884926128614793_4930016600794473338_n-300x300.jpg 300w, https:\/\/ukkodemakka.de\/wp-content\/uploads\/2020\/12\/88345993_884926128614793_4930016600794473338_n-150x150.jpg 150w\" sizes=\"(max-width: 359px) 100vw, 359px\" \/><\/figure>\n\n\n\n<figure class=\"wp-block-image size-large\"><img loading=\"lazy\" decoding=\"async\" width=\"640\" height=\"640\" data-id=\"401\" src=\"https:\/\/ukkodemakka.de\/wp-content\/uploads\/2020\/12\/95367948_164011775074563_2071609824995140567_n.jpg\" alt=\"\" class=\"wp-image-401\" srcset=\"https:\/\/ukkodemakka.de\/wp-content\/uploads\/2020\/12\/95367948_164011775074563_2071609824995140567_n.jpg 640w, https:\/\/ukkodemakka.de\/wp-content\/uploads\/2020\/12\/95367948_164011775074563_2071609824995140567_n-300x300.jpg 300w, https:\/\/ukkodemakka.de\/wp-content\/uploads\/2020\/12\/95367948_164011775074563_2071609824995140567_n-150x150.jpg 150w, https:\/\/ukkodemakka.de\/wp-content\/uploads\/2020\/12\/95367948_164011775074563_2071609824995140567_n-400x400.jpg 400w\" sizes=\"(max-width: 640px) 100vw, 640px\" \/><\/figure>\n\n\n\n<figure class=\"wp-block-image size-large\"><img loading=\"lazy\" decoding=\"async\" width=\"1024\" height=\"686\" data-id=\"393\" src=\"https:\/\/ukkodemakka.de\/wp-content\/uploads\/2020\/12\/neu_website_foto_plakat_1375443391_1599229955.jpg\" alt=\"\" class=\"wp-image-393\" srcset=\"https:\/\/ukkodemakka.de\/wp-content\/uploads\/2020\/12\/neu_website_foto_plakat_1375443391_1599229955.jpg 1024w, https:\/\/ukkodemakka.de\/wp-content\/uploads\/2020\/12\/neu_website_foto_plakat_1375443391_1599229955-300x201.jpg 300w, https:\/\/ukkodemakka.de\/wp-content\/uploads\/2020\/12\/neu_website_foto_plakat_1375443391_1599229955-768x515.jpg 768w, https:\/\/ukkodemakka.de\/wp-content\/uploads\/2020\/12\/neu_website_foto_plakat_1375443391_1599229955-400x268.jpg 400w, https:\/\/ukkodemakka.de\/wp-content\/uploads\/2020\/12\/neu_website_foto_plakat_1375443391_1599229955-800x536.jpg 800w\" sizes=\"(max-width: 706px) 89vw, (max-width: 767px) 82vw, 740px\" \/><\/figure>\n\n\n\n<figure class=\"wp-block-image size-large\"><img loading=\"lazy\" decoding=\"async\" width=\"1024\" height=\"726\" data-id=\"395\" src=\"https:\/\/ukkodemakka.de\/wp-content\/uploads\/2020\/12\/RG2019.Programm.innen_-1-1024x726.jpg\" alt=\"\" class=\"wp-image-395\" srcset=\"https:\/\/ukkodemakka.de\/wp-content\/uploads\/2020\/12\/RG2019.Programm.innen_-1-1024x726.jpg 1024w, https:\/\/ukkodemakka.de\/wp-content\/uploads\/2020\/12\/RG2019.Programm.innen_-1-300x213.jpg 300w, https:\/\/ukkodemakka.de\/wp-content\/uploads\/2020\/12\/RG2019.Programm.innen_-1-768x544.jpg 768w, https:\/\/ukkodemakka.de\/wp-content\/uploads\/2020\/12\/RG2019.Programm.innen_-1-1536x1089.jpg 1536w, https:\/\/ukkodemakka.de\/wp-content\/uploads\/2020\/12\/RG2019.Programm.innen_-1-400x284.jpg 400w, https:\/\/ukkodemakka.de\/wp-content\/uploads\/2020\/12\/RG2019.Programm.innen_-1-800x567.jpg 800w, https:\/\/ukkodemakka.de\/wp-content\/uploads\/2020\/12\/RG2019.Programm.innen_-1.jpg 1766w\" sizes=\"(max-width: 706px) 89vw, (max-width: 767px) 82vw, 740px\" \/><\/figure>\n\n\n\n<figure class=\"wp-block-image size-large\"><img loading=\"lazy\" decoding=\"async\" width=\"640\" height=\"640\" data-id=\"400\" src=\"https:\/\/ukkodemakka.de\/wp-content\/uploads\/2020\/12\/92993154_233270561211232_6389579182727817497_n.jpg\" alt=\"\" class=\"wp-image-400\" srcset=\"https:\/\/ukkodemakka.de\/wp-content\/uploads\/2020\/12\/92993154_233270561211232_6389579182727817497_n.jpg 640w, https:\/\/ukkodemakka.de\/wp-content\/uploads\/2020\/12\/92993154_233270561211232_6389579182727817497_n-300x300.jpg 300w, https:\/\/ukkodemakka.de\/wp-content\/uploads\/2020\/12\/92993154_233270561211232_6389579182727817497_n-150x150.jpg 150w, https:\/\/ukkodemakka.de\/wp-content\/uploads\/2020\/12\/92993154_233270561211232_6389579182727817497_n-400x400.jpg 400w\" sizes=\"(max-width: 640px) 100vw, 640px\" \/><\/figure>\n\n\n\n<figure class=\"wp-block-image size-large\"><img loading=\"lazy\" decoding=\"async\" width=\"640\" height=\"640\" data-id=\"402\" src=\"https:\/\/ukkodemakka.de\/wp-content\/uploads\/2020\/12\/95387103_231120274779544_8261503178184717151_n.jpg\" alt=\"\" class=\"wp-image-402\" srcset=\"https:\/\/ukkodemakka.de\/wp-content\/uploads\/2020\/12\/95387103_231120274779544_8261503178184717151_n.jpg 640w, https:\/\/ukkodemakka.de\/wp-content\/uploads\/2020\/12\/95387103_231120274779544_8261503178184717151_n-300x300.jpg 300w, https:\/\/ukkodemakka.de\/wp-content\/uploads\/2020\/12\/95387103_231120274779544_8261503178184717151_n-150x150.jpg 150w, https:\/\/ukkodemakka.de\/wp-content\/uploads\/2020\/12\/95387103_231120274779544_8261503178184717151_n-400x400.jpg 400w\" sizes=\"(max-width: 640px) 100vw, 640px\" \/><\/figure>\n\n\n\n<figure class=\"wp-block-image size-large\"><img loading=\"lazy\" decoding=\"async\" width=\"640\" height=\"640\" data-id=\"404\" src=\"https:\/\/ukkodemakka.de\/wp-content\/uploads\/2020\/12\/94317219_152343736258823_8573613552729459124_n.jpg\" alt=\"\" class=\"wp-image-404\" srcset=\"https:\/\/ukkodemakka.de\/wp-content\/uploads\/2020\/12\/94317219_152343736258823_8573613552729459124_n.jpg 640w, https:\/\/ukkodemakka.de\/wp-content\/uploads\/2020\/12\/94317219_152343736258823_8573613552729459124_n-300x300.jpg 300w, https:\/\/ukkodemakka.de\/wp-content\/uploads\/2020\/12\/94317219_152343736258823_8573613552729459124_n-150x150.jpg 150w, https:\/\/ukkodemakka.de\/wp-content\/uploads\/2020\/12\/94317219_152343736258823_8573613552729459124_n-400x400.jpg 400w\" sizes=\"(max-width: 640px) 100vw, 640px\" \/><\/figure>\n\n\n\n<figure class=\"wp-block-image size-large\"><img loading=\"lazy\" decoding=\"async\" width=\"640\" height=\"640\" data-id=\"406\" src=\"https:\/\/ukkodemakka.de\/wp-content\/uploads\/2020\/12\/94725502_896998577413883_3887987573274953207_n.jpg\" alt=\"\" class=\"wp-image-406\" srcset=\"https:\/\/ukkodemakka.de\/wp-content\/uploads\/2020\/12\/94725502_896998577413883_3887987573274953207_n.jpg 640w, https:\/\/ukkodemakka.de\/wp-content\/uploads\/2020\/12\/94725502_896998577413883_3887987573274953207_n-300x300.jpg 300w, https:\/\/ukkodemakka.de\/wp-content\/uploads\/2020\/12\/94725502_896998577413883_3887987573274953207_n-150x150.jpg 150w, https:\/\/ukkodemakka.de\/wp-content\/uploads\/2020\/12\/94725502_896998577413883_3887987573274953207_n-400x400.jpg 400w\" sizes=\"(max-width: 640px) 100vw, 640px\" \/><\/figure>\n<\/figure>\n\n\n\n<p style=\"font-size:22px\"><strong>SichtBar the story behind<\/strong><\/p>\n\n\n\n<p><\/p>\n\n\n\n<p>6 Jahre Kunststudium<\/p>\n\n\n\n<p><strong>Diversit\u00e4t und wei\u00dfe Institutionen<\/strong><\/p>\n\n\n\n<p>Eine Reflexion<\/p>\n\n\n\n<p>meine Abschlussarbeit ist eine Kritik an dem Mangel der Repr\u00e4sentationen von  Afro-deutschen, Schwarzen  K\u00fcnstlerinnenpositionen in dem Studium, Institutionen und in der Kunstgeschichte. Wer schreibt Geschichte? Wer vermittelt sie? Was wird erz\u00e4hlt und \u00fcberliefert und was bleibt verborgen. Wer sammelt? Und was wird gesammelt?<\/p>\n\n\n\n<p style=\"font-size:18px\"><strong>Unangenehme Fragen<\/strong> <\/p>\n\n\n\n<p>Was lernen wir\/ich? Wo lernen wir\/ich? Wie lernen wir\/ich?  <\/p>\n\n\n\n<p style=\"font-size:18px\">Im Plenum der Kunsthochschule Mainz fragte ich welche lebenden schwarzen K\u00fcnstler*innenpositionen k\u00f6nnt ihr mir nennen? 10 Minuten Schweigen traten ein. Bis die Dozent*in den Namen David Hammons nannte. In dieser Moment war der Start meiner Arbeit. Die Leerstellen in der Hausinternen Bibliothekenorm. Regale sind Unterteilt. Wer Kategorisierte? Die Kontinente sind bis heute fremdbenannt. Manche Regale wie das mit der Bezeichnung Neuseeland ist leer. Warum gibt es keine B\u00fccher ? Unter Afrika finden sich B\u00fccher mit alten Meister*innen (Viele Masken und Raubkunst) und immerhin 3 B\u00fccher zu contemporary art in Afrika. Wo sind die Kataloge? Wo sind die anderen Perspektiven? <\/p>\n\n\n\n<p style=\"font-size:18px\">2017 H\u00f6rte ich von einer Schwarzen Bibliothek <\/p>\n\n\n\n<p style=\"font-size:18px\">2018 Besuchte ich <a href=\"https:\/\/www.eoto-archiv.de\/\"><strong>Each One Teach One (EOTO) e.V.<\/strong>&nbsp;<\/a> in Berlin. Dort findet man \u00fcber 7000 B\u00fccher von schwarzen Autor*innen und das ISD Archive. <strong>Schwarze Widerst\u00e4nde in Deutschland<\/strong> werden seit Ende der 80er Jahre mehrfach dokumentiert und sind hier vor Ort zu finden. Orte des Empowerments und die Representation von BIPoCs Sichtbarer zu machen das war zun\u00e4chst die Idee. <\/p>\n\n\n\n<p style=\"font-size:18px\">2019 Teilnahme an dem j\u00e4hrlichen Rundgang der Kunsthochschule Mainz<\/p>\n\n\n\n<p style=\"font-size:18px\">2020  Ausstellung im Stadtlabor des Historischen Museum in Frankfurt am Main zu sehen. &#8218;Ich sehe was, was Du nicht siehst. Rassismus, Widerstand und Empowerment. <\/p>\n\n\n\n<p style=\"font-size:18px\">2021 Ausstellung im Labor des Weltkulturen Museums in Frankfurt am Main. <\/p>\n\n\n\n<figure class=\"wp-block-image size-large\"><img loading=\"lazy\" decoding=\"async\" width=\"576\" height=\"1024\" src=\"https:\/\/ukkodemakka.de\/wp-content\/uploads\/2020\/11\/20190131_201544-576x1024.jpg\" alt=\"\" class=\"wp-image-112\" srcset=\"https:\/\/ukkodemakka.de\/wp-content\/uploads\/2020\/11\/20190131_201544-576x1024.jpg 576w, https:\/\/ukkodemakka.de\/wp-content\/uploads\/2020\/11\/20190131_201544-169x300.jpg 169w, https:\/\/ukkodemakka.de\/wp-content\/uploads\/2020\/11\/20190131_201544-768x1365.jpg 768w, https:\/\/ukkodemakka.de\/wp-content\/uploads\/2020\/11\/20190131_201544-864x1536.jpg 864w, https:\/\/ukkodemakka.de\/wp-content\/uploads\/2020\/11\/20190131_201544-1152x2048.jpg 1152w, https:\/\/ukkodemakka.de\/wp-content\/uploads\/2020\/11\/20190131_201544-400x711.jpg 400w, https:\/\/ukkodemakka.de\/wp-content\/uploads\/2020\/11\/20190131_201544-800x1422.jpg 800w, https:\/\/ukkodemakka.de\/wp-content\/uploads\/2020\/11\/20190131_201544-scaled.jpg 1440w\" sizes=\"(max-width: 576px) 100vw, 576px\" \/><figcaption class=\"wp-element-caption\">SichtBar Mutterschiff I Ansicht in der Kunsthochschule Mainz I 2019<\/figcaption><\/figure>\n\n\n\n<figure class=\"wp-block-image size-large\"><img loading=\"lazy\" decoding=\"async\" width=\"768\" height=\"1024\" src=\"https:\/\/ukkodemakka.de\/wp-content\/uploads\/2020\/11\/IMG_20200916_175203-768x1024.jpg\" alt=\"\" class=\"wp-image-108\" srcset=\"https:\/\/ukkodemakka.de\/wp-content\/uploads\/2020\/11\/IMG_20200916_175203-768x1024.jpg 768w, https:\/\/ukkodemakka.de\/wp-content\/uploads\/2020\/11\/IMG_20200916_175203-225x300.jpg 225w, https:\/\/ukkodemakka.de\/wp-content\/uploads\/2020\/11\/IMG_20200916_175203-1152x1536.jpg 1152w, https:\/\/ukkodemakka.de\/wp-content\/uploads\/2020\/11\/IMG_20200916_175203-1536x2048.jpg 1536w, https:\/\/ukkodemakka.de\/wp-content\/uploads\/2020\/11\/IMG_20200916_175203-1870x2493.jpg 1870w, https:\/\/ukkodemakka.de\/wp-content\/uploads\/2020\/11\/IMG_20200916_175203-400x533.jpg 400w, https:\/\/ukkodemakka.de\/wp-content\/uploads\/2020\/11\/IMG_20200916_175203-800x1067.jpg 800w, https:\/\/ukkodemakka.de\/wp-content\/uploads\/2020\/11\/IMG_20200916_175203-scaled.jpg 1920w\" sizes=\"(max-width: 706px) 89vw, (max-width: 767px) 82vw, 740px\" \/><figcaption class=\"wp-element-caption\">SichtBar I Ansicht aus dem <a href=\"https:\/\/historisches-museum-frankfurt.de\/\">Historisches Museum Frankfurt<\/a> I &#8222;Ich sehe was, was Du nicht siehst. Rassismus, Widerstand und Empowerment&#8220; StadtlaborausstellungI 2020<\/figcaption><\/figure>\n\n\n\n<figure class=\"wp-block-image size-large\"><img loading=\"lazy\" decoding=\"async\" width=\"576\" height=\"1024\" src=\"https:\/\/ukkodemakka.de\/wp-content\/uploads\/2020\/11\/20190131_201458-576x1024.jpg\" alt=\"\" class=\"wp-image-111\" srcset=\"https:\/\/ukkodemakka.de\/wp-content\/uploads\/2020\/11\/20190131_201458-576x1024.jpg 576w, https:\/\/ukkodemakka.de\/wp-content\/uploads\/2020\/11\/20190131_201458-169x300.jpg 169w, https:\/\/ukkodemakka.de\/wp-content\/uploads\/2020\/11\/20190131_201458-768x1365.jpg 768w, https:\/\/ukkodemakka.de\/wp-content\/uploads\/2020\/11\/20190131_201458-864x1536.jpg 864w, https:\/\/ukkodemakka.de\/wp-content\/uploads\/2020\/11\/20190131_201458-1152x2048.jpg 1152w, https:\/\/ukkodemakka.de\/wp-content\/uploads\/2020\/11\/20190131_201458-400x711.jpg 400w, https:\/\/ukkodemakka.de\/wp-content\/uploads\/2020\/11\/20190131_201458-800x1422.jpg 800w, https:\/\/ukkodemakka.de\/wp-content\/uploads\/2020\/11\/20190131_201458-scaled.jpg 1440w\" sizes=\"(max-width: 576px) 100vw, 576px\" \/><figcaption class=\"wp-element-caption\">SichtBar Mutterschiff I Ansicht Kunsthochschule Mainz I 2019<\/figcaption><\/figure>\n","protected":false},"excerpt":{"rendered":"<p>Was ist die SichtBar2018 ? Schwarze Widerst\u00e4nde gibt es seit Beginn der Kolonialisierung, jedoch sind diese wenig dokumentiert, noch nicht verbreitet oder haben zu wenig Reichweite. Spuren, Biografien und Positionen von schwarzen K\u00fcnstler*innen archiviere ich, weil ich wenig Zugang im Studium dazu hatte. Mit der SichtBar ist es mir ein gro\u00dfes Anliegen diese Leerstellen zu &hellip; <\/p>\n<p class=\"link-more\"><a href=\"https:\/\/ukkodemakka.de\/?page_id=42\" class=\"more-link\"><span class=\"screen-reader-text\">\u201eDie SichtBar2018\u201c <\/span>weiterlesen<\/a><\/p>\n","protected":false},"author":1,"featured_media":0,"parent":0,"menu_order":0,"comment_status":"closed","ping_status":"closed","template":"","meta":{"footnotes":""},"class_list":["post-42","page","type-page","status-publish","hentry"],"_links":{"self":[{"href":"https:\/\/ukkodemakka.de\/index.php?rest_route=\/wp\/v2\/pages\/42"}],"collection":[{"href":"https:\/\/ukkodemakka.de\/index.php?rest_route=\/wp\/v2\/pages"}],"about":[{"href":"https:\/\/ukkodemakka.de\/index.php?rest_route=\/wp\/v2\/types\/page"}],"author":[{"embeddable":true,"href":"https:\/\/ukkodemakka.de\/index.php?rest_route=\/wp\/v2\/users\/1"}],"replies":[{"embeddable":true,"href":"https:\/\/ukkodemakka.de\/index.php?rest_route=%2Fwp%2Fv2%2Fcomments&post=42"}],"version-history":[{"count":30,"href":"https:\/\/ukkodemakka.de\/index.php?rest_route=\/wp\/v2\/pages\/42\/revisions"}],"predecessor-version":[{"id":1195,"href":"https:\/\/ukkodemakka.de\/index.php?rest_route=\/wp\/v2\/pages\/42\/revisions\/1195"}],"wp:attachment":[{"href":"https:\/\/ukkodemakka.de\/index.php?rest_route=%2Fwp%2Fv2%2Fmedia&parent=42"}],"curies":[{"name":"wp","href":"https:\/\/api.w.org\/{rel}","templated":true}]}}